{"id":1056,"date":"2024-02-06T16:27:57","date_gmt":"2024-02-06T19:27:57","guid":{"rendered":"http:\/\/morroipiranga.iwwadigital.com.br\/?page_id=1056"},"modified":"2024-02-06T16:27:57","modified_gmt":"2024-02-06T19:27:57","slug":"apresentacao","status":"publish","type":"page","link":"https:\/\/primahub.com.br\/manuais\/morro-ipiranga\/apresentacao\/","title":{"rendered":"Apresenta\u00e7\u00e3o"},"content":{"rendered":"<p>Prezado Cliente,<\/p>\n<p style=\"text-align: left;\">Temos a satisfa\u00e7\u00e3o de entregar a V.Sa o Manual de Uso, Opera\u00e7\u00e3o e Manuten\u00e7\u00e3o do empreendimento <strong>Morro <\/strong><strong>Ipiranga Residence<\/strong>, elaborado com a finalidade de transmitir informa\u00e7\u00f5es importantes da edifica\u00e7\u00e3o, estabelecer as condi\u00e7\u00f5es da garantia e orient\u00e1-lo de forma geral sobre o uso, a opera\u00e7\u00e3o e a manuten\u00e7\u00e3o de todas as \u00e1reas.<\/p>\n<p style=\"text-align: left;\">Assim como o consumidor brasileiro j\u00e1 se acostumou a utilizar e manter autom\u00f3veis, eletrodom\u00e9sticos e outros bens de acordo com a normaliza\u00e7\u00e3o t\u00e9cnica e as recomenda\u00e7\u00f5es dos respectivos fabricantes, uma edifica\u00e7\u00e3o tamb\u00e9m necessita de cuidados durante toda sua vida \u00fatil. Concreto, alvenarias, a\u00e7o e outros materiais podem atingir idades centen\u00e1rias, caso recebam a manuten\u00e7\u00e3o apropriada. Portanto, para evitar danos e prolongar ao m\u00e1ximo a vida \u00fatil desta edifica\u00e7\u00e3o, bem como manter suas garantias legais\/contratuais, \u00e9 imprescind\u00edvel a leitura integral deste Manual.<\/p>\n<p style=\"text-align: left;\">Este Manual foi redigido em atendimento \u00e0 legisla\u00e7\u00e3o vigente e \u00e0s normas t\u00e9cnicas brasileiras ABNT NBR 14037:2011 (vers\u00e3o corrigida 2014) &#8211; Diretrizes para elabora\u00e7\u00e3o de manuais de uso, opera\u00e7\u00e3o e manuten\u00e7\u00e3o das edifica\u00e7\u00f5es &#8211; Requisitos para elabora\u00e7\u00e3o e apresenta\u00e7\u00e3o dos conte\u00fados, ABNT NBR 5674:2012 &#8211; Manuten\u00e7\u00e3o de edifica\u00e7\u00f5es &#8211; requisitos para o sistema de gest\u00e3o de manuten\u00e7\u00e3o e ABNT NBR 15575:2021 \u201cEdif\u00edcios habitacionais \u2013 Desempenho \u2013 Partes 1 a 6\u201d.<\/p>\n<p style=\"text-align: left;\">Ao tomar posse da edifica\u00e7\u00e3o, a manuten\u00e7\u00e3o do mesmo passa a ser de sua responsabilidade. A equipe da <strong>Morro <\/strong><strong>Ipiranga Empreendimento Imobili\u00e1rio SPE Ltda<\/strong> se coloca \u00e0 disposi\u00e7\u00e3o para eventuais esclarecimentos a respeito deste Manual, bem como o uso, opera\u00e7\u00e3o e manuten\u00e7\u00e3o deste empreendimento.<\/p>\n<p style=\"text-align: left;\">No caso de venda ou loca\u00e7\u00e3o, \u00e9 fundamental que uma c\u00f3pia deste Manual seja entregue ao novo Propriet\u00e1rio\/Usu\u00e1rio.<\/p>\n<blockquote><p><strong>OBSERVA\u00c7\u00c3O:<br \/>\n<\/strong><br \/>\nO presente Manual tem validade exclusiva para as condi\u00e7\u00f5es originais de entrega da edifica\u00e7\u00e3o. No caso de modifica\u00e7\u00f5es futuramente introduzidas pelo Propriet\u00e1rio\/Usu\u00e1rio ou Condom\u00ednio atrav\u00e9s do S\u00edndico e\/ou Administradora, uma atualiza\u00e7\u00e3o deste Manual dever\u00e1 ser providenciada pela parte geradora da modifica\u00e7\u00e3o.<\/p>\n<p>OBS.: As garantias n\u00e3o ser\u00e3o v\u00e1lidas para as modifica\u00e7\u00f5es feitas pelo Propriet\u00e1rio\/Usu\u00e1rio ou Condom\u00ednio.<\/p><\/blockquote>\n<p>&nbsp;<\/p>\n<p style=\"text-align: left;\">Atenciosamente,<br \/>\n<strong>Morro Ipiranga Empreendimento Imobili\u00e1rio SPE Ltda<\/strong><\/p>\n","protected":false},"excerpt":{"rendered":"<p>Prezado Cliente, Temos a satisfa\u00e7\u00e3o de entregar a V.Sa o Manual de Uso, Opera\u00e7\u00e3o e Manuten\u00e7\u00e3o do empreendimento Morro Ipiranga Residence, elaborado com a finalidade de transmitir informa\u00e7\u00f5es importantes da edifica\u00e7\u00e3o, estabelecer as condi\u00e7\u00f5es da garantia e orient\u00e1-lo de forma geral sobre o uso, a opera\u00e7\u00e3o e a manuten\u00e7\u00e3o de todas as \u00e1reas. Assim como [&hellip;]<\/p>\n","protected":false},"author":1,"featured_media":0,"parent":0,"menu_order":0,"comment_status":"closed","ping_status":"closed","template":"","meta":{"_acf_changed":false,"footnotes":""},"class_list":["post-1056","page","type-page","status-publish","hentry"],"acf":[],"yoast_head":"<!-- This site is optimized with the Yoast SEO plugin v27.0 - https:\/\/yoast.com\/product\/yoast-seo-wordpress\/ -->\n<title>Apresenta\u00e7\u00e3o | Morro Ipiranga<\/title>\n<meta name=\"robots\" content=\"index, follow, max-snippet:-1, max-image-preview:large, max-video-preview:-1\" \/>\n<link rel=\"canonical\" href=\"https:\/\/primahub.com.br\/manuais\/morro-ipiranga\/apresentacao\/\" \/>\n<meta property=\"og:locale\" content=\"pt_BR\" \/>\n<meta property=\"og:type\" content=\"article\" \/>\n<meta property=\"og:title\" content=\"Apresenta\u00e7\u00e3o | Morro Ipiranga\" \/>\n<meta property=\"og:description\" content=\"Prezado Cliente, Temos a satisfa\u00e7\u00e3o de entregar a V.Sa o Manual de Uso, Opera\u00e7\u00e3o e Manuten\u00e7\u00e3o do empreendimento Morro Ipiranga Residence, elaborado com a finalidade de transmitir informa\u00e7\u00f5es importantes da edifica\u00e7\u00e3o, estabelecer as condi\u00e7\u00f5es da garantia e orient\u00e1-lo de forma geral sobre o uso, a opera\u00e7\u00e3o e a manuten\u00e7\u00e3o de todas as \u00e1reas. Assim como [&hellip;]\" \/>\n<meta property=\"og:url\" content=\"https:\/\/primahub.com.br\/manuais\/morro-ipiranga\/apresentacao\/\" \/>\n<meta property=\"og:site_name\" content=\"Morro Ipiranga\" \/>\n<meta property=\"og:image\" content=\"https:\/\/primahub.com.br\/manuais\/morro-ipiranga\/wp-content\/uploads\/2024\/01\/share.jpg\" \/>\n\t<meta property=\"og:image:width\" content=\"1200\" \/>\n\t<meta property=\"og:image:height\" content=\"630\" \/>\n\t<meta property=\"og:image:type\" content=\"image\/jpeg\" \/>\n<meta name=\"twitter:card\" content=\"summary_large_image\" \/>\n<meta name=\"twitter:label1\" content=\"Est. tempo de leitura\" \/>\n\t<meta name=\"twitter:data1\" content=\"2 minutos\" \/>\n<script type=\"application\/ld+json\" class=\"yoast-schema-graph\">{\"@context\":\"https:\/\/schema.org\",\"@graph\":[{\"@type\":\"WebPage\",\"@id\":\"https:\/\/primahub.com.br\/manuais\/morro-ipiranga\/apresentacao\/\",\"url\":\"https:\/\/primahub.com.br\/manuais\/morro-ipiranga\/apresentacao\/\",\"name\":\"Apresenta\u00e7\u00e3o | Morro Ipiranga\",\"isPartOf\":{\"@id\":\"https:\/\/primahub.com.br\/manuais\/morro-ipiranga\/#website\"},\"datePublished\":\"2024-02-06T19:27:57+00:00\",\"breadcrumb\":{\"@id\":\"https:\/\/primahub.com.br\/manuais\/morro-ipiranga\/apresentacao\/#breadcrumb\"},\"inLanguage\":\"pt-BR\",\"potentialAction\":[{\"@type\":\"ReadAction\",\"target\":[\"https:\/\/primahub.com.br\/manuais\/morro-ipiranga\/apresentacao\/\"]}]},{\"@type\":\"BreadcrumbList\",\"@id\":\"https:\/\/primahub.com.br\/manuais\/morro-ipiranga\/apresentacao\/#breadcrumb\",\"itemListElement\":[{\"@type\":\"ListItem\",\"position\":1,\"name\":\"In\u00edcio\",\"item\":\"https:\/\/primahub.com.br\/manuais\/morro-ipiranga\/\"},{\"@type\":\"ListItem\",\"position\":2,\"name\":\"Apresenta\u00e7\u00e3o\"}]},{\"@type\":\"WebSite\",\"@id\":\"https:\/\/primahub.com.br\/manuais\/morro-ipiranga\/#website\",\"url\":\"https:\/\/primahub.com.br\/manuais\/morro-ipiranga\/\",\"name\":\"Morro Ipiranga\",\"description\":\"Da porta para fora, mais tranquilidade. Da porta para dentro, mais comodidade. 06 op\u00e7\u00f5es de plantas para voc\u00ea escolher a que melhor se encaixa ao seu estilo de vida.\",\"publisher\":{\"@id\":\"https:\/\/primahub.com.br\/manuais\/morro-ipiranga\/#organization\"},\"alternateName\":\"Morro Ipiranga\",\"potentialAction\":[{\"@type\":\"SearchAction\",\"target\":{\"@type\":\"EntryPoint\",\"urlTemplate\":\"https:\/\/primahub.com.br\/manuais\/morro-ipiranga\/?s={search_term_string}\"},\"query-input\":{\"@type\":\"PropertyValueSpecification\",\"valueRequired\":true,\"valueName\":\"search_term_string\"}}],\"inLanguage\":\"pt-BR\"},{\"@type\":\"Organization\",\"@id\":\"https:\/\/primahub.com.br\/manuais\/morro-ipiranga\/#organization\",\"name\":\"Morro Ipiranga\",\"alternateName\":\"Morro Ipiranga\",\"url\":\"https:\/\/primahub.com.br\/manuais\/morro-ipiranga\/\",\"logo\":{\"@type\":\"ImageObject\",\"inLanguage\":\"pt-BR\",\"@id\":\"https:\/\/primahub.com.br\/manuais\/morro-ipiranga\/#\/schema\/logo\/image\/\",\"url\":\"https:\/\/primahub.com.br\/manuais\/morro-ipiranga\/wp-content\/uploads\/2024\/01\/logo.jpg\",\"contentUrl\":\"https:\/\/primahub.com.br\/manuais\/morro-ipiranga\/wp-content\/uploads\/2024\/01\/logo.jpg\",\"width\":280,\"height\":281,\"caption\":\"Morro Ipiranga\"},\"image\":{\"@id\":\"https:\/\/primahub.com.br\/manuais\/morro-ipiranga\/#\/schema\/logo\/image\/\"}}]}<\/script>\n<!-- \/ Yoast SEO plugin. -->","yoast_head_json":{"title":"Apresenta\u00e7\u00e3o | Morro Ipiranga","robots":{"index":"index","follow":"follow","max-snippet":"max-snippet:-1","max-image-preview":"max-image-preview:large","max-video-preview":"max-video-preview:-1"},"canonical":"https:\/\/primahub.com.br\/manuais\/morro-ipiranga\/apresentacao\/","og_locale":"pt_BR","og_type":"article","og_title":"Apresenta\u00e7\u00e3o | Morro Ipiranga","og_description":"Prezado Cliente, Temos a satisfa\u00e7\u00e3o de entregar a V.Sa o Manual de Uso, Opera\u00e7\u00e3o e Manuten\u00e7\u00e3o do empreendimento Morro Ipiranga Residence, elaborado com a finalidade de transmitir informa\u00e7\u00f5es importantes da edifica\u00e7\u00e3o, estabelecer as condi\u00e7\u00f5es da garantia e orient\u00e1-lo de forma geral sobre o uso, a opera\u00e7\u00e3o e a manuten\u00e7\u00e3o de todas as \u00e1reas. Assim como [&hellip;]","og_url":"https:\/\/primahub.com.br\/manuais\/morro-ipiranga\/apresentacao\/","og_site_name":"Morro Ipiranga","og_image":[{"width":1200,"height":630,"url":"https:\/\/primahub.com.br\/manuais\/morro-ipiranga\/wp-content\/uploads\/2024\/01\/share.jpg","type":"image\/jpeg"}],"twitter_card":"summary_large_image","twitter_misc":{"Est. tempo de leitura":"2 minutos"},"schema":{"@context":"https:\/\/schema.org","@graph":[{"@type":"WebPage","@id":"https:\/\/primahub.com.br\/manuais\/morro-ipiranga\/apresentacao\/","url":"https:\/\/primahub.com.br\/manuais\/morro-ipiranga\/apresentacao\/","name":"Apresenta\u00e7\u00e3o | Morro Ipiranga","isPartOf":{"@id":"https:\/\/primahub.com.br\/manuais\/morro-ipiranga\/#website"},"datePublished":"2024-02-06T19:27:57+00:00","breadcrumb":{"@id":"https:\/\/primahub.com.br\/manuais\/morro-ipiranga\/apresentacao\/#breadcrumb"},"inLanguage":"pt-BR","potentialAction":[{"@type":"ReadAction","target":["https:\/\/primahub.com.br\/manuais\/morro-ipiranga\/apresentacao\/"]}]},{"@type":"BreadcrumbList","@id":"https:\/\/primahub.com.br\/manuais\/morro-ipiranga\/apresentacao\/#breadcrumb","itemListElement":[{"@type":"ListItem","position":1,"name":"In\u00edcio","item":"https:\/\/primahub.com.br\/manuais\/morro-ipiranga\/"},{"@type":"ListItem","position":2,"name":"Apresenta\u00e7\u00e3o"}]},{"@type":"WebSite","@id":"https:\/\/primahub.com.br\/manuais\/morro-ipiranga\/#website","url":"https:\/\/primahub.com.br\/manuais\/morro-ipiranga\/","name":"Morro Ipiranga","description":"Da porta para fora, mais tranquilidade. Da porta para dentro, mais comodidade. 06 op\u00e7\u00f5es de plantas para voc\u00ea escolher a que melhor se encaixa ao seu estilo de vida.","publisher":{"@id":"https:\/\/primahub.com.br\/manuais\/morro-ipiranga\/#organization"},"alternateName":"Morro Ipiranga","potentialAction":[{"@type":"SearchAction","target":{"@type":"EntryPoint","urlTemplate":"https:\/\/primahub.com.br\/manuais\/morro-ipiranga\/?s={search_term_string}"},"query-input":{"@type":"PropertyValueSpecification","valueRequired":true,"valueName":"search_term_string"}}],"inLanguage":"pt-BR"},{"@type":"Organization","@id":"https:\/\/primahub.com.br\/manuais\/morro-ipiranga\/#organization","name":"Morro Ipiranga","alternateName":"Morro Ipiranga","url":"https:\/\/primahub.com.br\/manuais\/morro-ipiranga\/","logo":{"@type":"ImageObject","inLanguage":"pt-BR","@id":"https:\/\/primahub.com.br\/manuais\/morro-ipiranga\/#\/schema\/logo\/image\/","url":"https:\/\/primahub.com.br\/manuais\/morro-ipiranga\/wp-content\/uploads\/2024\/01\/logo.jpg","contentUrl":"https:\/\/primahub.com.br\/manuais\/morro-ipiranga\/wp-content\/uploads\/2024\/01\/logo.jpg","width":280,"height":281,"caption":"Morro Ipiranga"},"image":{"@id":"https:\/\/primahub.com.br\/manuais\/morro-ipiranga\/#\/schema\/logo\/image\/"}}]}},"_links":{"self":[{"href":"https:\/\/primahub.com.br\/manuais\/morro-ipiranga\/wp-json\/wp\/v2\/pages\/1056","targetHints":{"allow":["GET"]}}],"collection":[{"href":"https:\/\/primahub.com.br\/manuais\/morro-ipiranga\/wp-json\/wp\/v2\/pages"}],"about":[{"href":"https:\/\/primahub.com.br\/manuais\/morro-ipiranga\/wp-json\/wp\/v2\/types\/page"}],"author":[{"embeddable":true,"href":"https:\/\/primahub.com.br\/manuais\/morro-ipiranga\/wp-json\/wp\/v2\/users\/1"}],"replies":[{"embeddable":true,"href":"https:\/\/primahub.com.br\/manuais\/morro-ipiranga\/wp-json\/wp\/v2\/comments?post=1056"}],"version-history":[{"count":1,"href":"https:\/\/primahub.com.br\/manuais\/morro-ipiranga\/wp-json\/wp\/v2\/pages\/1056\/revisions"}],"predecessor-version":[{"id":1058,"href":"https:\/\/primahub.com.br\/manuais\/morro-ipiranga\/wp-json\/wp\/v2\/pages\/1056\/revisions\/1058"}],"wp:attachment":[{"href":"https:\/\/primahub.com.br\/manuais\/morro-ipiranga\/wp-json\/wp\/v2\/media?parent=1056"}],"curies":[{"name":"wp","href":"https:\/\/api.w.org\/{rel}","templated":true}]}}