{"id":1225,"date":"2024-03-18T10:51:19","date_gmt":"2024-03-18T13:51:19","guid":{"rendered":"https:\/\/primahub.com.br\/manuais\/morro-ipiranga\/?page_id=1225"},"modified":"2024-08-02T12:20:27","modified_gmt":"2024-08-02T15:20:27","slug":"login","status":"publish","type":"page","link":"https:\/\/primahub.com.br\/manuais\/morro-ipiranga\/login\/","title":{"rendered":"Login"},"content":{"rendered":"\t\t<div data-elementor-type=\"wp-page\" data-elementor-id=\"1225\" class=\"elementor elementor-1225\" data-elementor-post-type=\"page\">\n\t\t\t\t<div class=\"elementor-element elementor-element-0b57fa4 e-flex e-con-boxed e-con e-parent\" data-id=\"0b57fa4\" data-element_type=\"container\" data-core-v316-plus=\"true\">\n\t\t\t\t\t<div class=\"e-con-inner\">\n\t\t\t\t<div class=\"elementor-element elementor-element-9f89269 elementor-widget-mobile__width-inherit animated-fast elementor-invisible elementor-widget elementor-widget-heading\" data-id=\"9f89269\" data-element_type=\"widget\" data-settings=\"{&quot;_animation&quot;:&quot;fadeInUp&quot;}\" data-widget_type=\"heading.default\">\n\t\t\t\t<div class=\"elementor-widget-container\">\n\t\t\t<h1 class=\"elementor-heading-title elementor-size-default\">Login<\/h1>\t\t<\/div>\n\t\t\t\t<\/div>\n\t\t\t\t<div class=\"elementor-element elementor-element-692d19b elementor-widget elementor-widget-text-editor\" data-id=\"692d19b\" data-element_type=\"widget\" data-widget_type=\"text-editor.default\">\n\t\t\t\t<div class=\"elementor-widget-container\">\n\t\t\t\t\t\t\t<p>Fa\u00e7a login para ter acesso aos arquivos restritos do site.<\/p>\t\t\t\t\t\t<\/div>\n\t\t\t\t<\/div>\n\t\t\t\t<div class=\"elementor-element elementor-element-36162b8 elementor-widget elementor-widget-login\" data-id=\"36162b8\" data-element_type=\"widget\" data-widget_type=\"login.default\">\n\t\t\t\t<div class=\"elementor-widget-container\">\n\t\t\t\t\t<form class=\"elementor-login elementor-form\" method=\"post\" action=\"https:\/\/primahub.com.br\/manuais\/morro-ipiranga\/wp-login.php\">\n\t\t\t<input type=\"hidden\" name=\"redirect_to\" value=\"\/manuais\/morro-ipiranga\/wp-json\/wp\/v2\/pages\/1225\">\n\t\t\t<div class=\"elementor-form-fields-wrapper\">\n\t\t\t\t<div class=\"elementor-field-type-text elementor-field-group elementor-column elementor-col-100 elementor-field-required\">\n\t\t\t\t\t<label for=\"user-36162b8\" class=\"elementor-field-label elementor-screen-only\">Nome de usu\u00e1rio<\/label>\n\t\t\t\t\t<input size=\"1\" type=\"text\" name=\"log\" id=\"user-36162b8\" placeholder=\"Nome de usu\u00e1rio\" class=\"elementor-field elementor-field-textual elementor-size-md\">\n\t\t\t\t<\/div>\n\t\t\t\t<div class=\"elementor-field-type-text elementor-field-group elementor-column elementor-col-100 elementor-field-required\">\n\t\t\t\t\t<label for=\"password-36162b8\" class=\"elementor-field-label elementor-screen-only\">Senha<\/label>\n\t\t\t\t\t<input size=\"1\" type=\"password\" name=\"pwd\" id=\"password-36162b8\" placeholder=\"Senha\" class=\"elementor-field elementor-field-textual elementor-size-md\">\n\t\t\t\t<\/div>\n\n\t\t\t\t\n\t\t\t\t<div class=\"elementor-field-group elementor-column elementor-field-type-submit elementor-col-100\">\n\t\t\t\t\t<button type=\"submit\" class=\"elementor-size-sm elementor-button\" name=\"wp-submit\">\n\t\t\t\t\t\t\t\t\t\t\t\t\t\t\t<span class=\"elementor-button-text\">Entrar<\/span>\n\t\t\t\t\t\t\t\t\t\t\t\t<\/button>\n\t\t\t\t<\/div>\n\n\t\t\t\t\t\t\t<\/div>\n\t\t<\/form>\n\t\t\t\t<\/div>\n\t\t\t\t<\/div>\n\t\t\t\t\t<\/div>\n\t\t\t\t<\/div>\n\t\t\t\t<\/div>\n\t\t","protected":false},"excerpt":{"rendered":"<p>Login Fa\u00e7a login para ter acesso aos arquivos restritos do site.<\/p>\n","protected":false},"author":1,"featured_media":0,"parent":0,"menu_order":0,"comment_status":"closed","ping_status":"closed","template":"","meta":{"_acf_changed":false,"footnotes":""},"class_list":["post-1225","page","type-page","status-publish","hentry"],"acf":[],"yoast_head":"<!-- This site is optimized with the Yoast SEO plugin v27.0 - https:\/\/yoast.com\/product\/yoast-seo-wordpress\/ -->\n<title>Login | Morro Ipiranga<\/title>\n<meta name=\"robots\" content=\"index, follow, max-snippet:-1, max-image-preview:large, max-video-preview:-1\" \/>\n<link rel=\"canonical\" href=\"https:\/\/primahub.com.br\/manuais\/morro-ipiranga\/login\/\" \/>\n<meta property=\"og:locale\" content=\"pt_BR\" \/>\n<meta property=\"og:type\" content=\"article\" \/>\n<meta property=\"og:title\" content=\"Login | Morro Ipiranga\" \/>\n<meta property=\"og:description\" content=\"Login Fa\u00e7a login para ter acesso aos arquivos restritos do site.\" \/>\n<meta property=\"og:url\" content=\"https:\/\/primahub.com.br\/manuais\/morro-ipiranga\/login\/\" \/>\n<meta property=\"og:site_name\" content=\"Morro Ipiranga\" \/>\n<meta property=\"article:modified_time\" content=\"2024-08-02T15:20:27+00:00\" \/>\n<meta property=\"og:image\" content=\"https:\/\/primahub.com.br\/manuais\/morro-ipiranga\/wp-content\/uploads\/2024\/01\/share.jpg\" \/>\n\t<meta property=\"og:image:width\" content=\"1200\" \/>\n\t<meta property=\"og:image:height\" content=\"630\" \/>\n\t<meta property=\"og:image:type\" content=\"image\/jpeg\" \/>\n<meta name=\"twitter:card\" content=\"summary_large_image\" \/>\n<meta name=\"twitter:label1\" content=\"Est. tempo de leitura\" \/>\n\t<meta name=\"twitter:data1\" content=\"1 minuto\" \/>\n<script type=\"application\/ld+json\" class=\"yoast-schema-graph\">{\"@context\":\"https:\/\/schema.org\",\"@graph\":[{\"@type\":\"WebPage\",\"@id\":\"https:\/\/primahub.com.br\/manuais\/morro-ipiranga\/login\/\",\"url\":\"https:\/\/primahub.com.br\/manuais\/morro-ipiranga\/login\/\",\"name\":\"Login | Morro Ipiranga\",\"isPartOf\":{\"@id\":\"https:\/\/primahub.com.br\/manuais\/morro-ipiranga\/#website\"},\"datePublished\":\"2024-03-18T13:51:19+00:00\",\"dateModified\":\"2024-08-02T15:20:27+00:00\",\"breadcrumb\":{\"@id\":\"https:\/\/primahub.com.br\/manuais\/morro-ipiranga\/login\/#breadcrumb\"},\"inLanguage\":\"pt-BR\",\"potentialAction\":[{\"@type\":\"ReadAction\",\"target\":[\"https:\/\/primahub.com.br\/manuais\/morro-ipiranga\/login\/\"]}]},{\"@type\":\"BreadcrumbList\",\"@id\":\"https:\/\/primahub.com.br\/manuais\/morro-ipiranga\/login\/#breadcrumb\",\"itemListElement\":[{\"@type\":\"ListItem\",\"position\":1,\"name\":\"In\u00edcio\",\"item\":\"https:\/\/primahub.com.br\/manuais\/morro-ipiranga\/\"},{\"@type\":\"ListItem\",\"position\":2,\"name\":\"Login\"}]},{\"@type\":\"WebSite\",\"@id\":\"https:\/\/primahub.com.br\/manuais\/morro-ipiranga\/#website\",\"url\":\"https:\/\/primahub.com.br\/manuais\/morro-ipiranga\/\",\"name\":\"Morro Ipiranga\",\"description\":\"Da porta para fora, mais tranquilidade. Da porta para dentro, mais comodidade. 06 op\u00e7\u00f5es de plantas para voc\u00ea escolher a que melhor se encaixa ao seu estilo de vida.\",\"publisher\":{\"@id\":\"https:\/\/primahub.com.br\/manuais\/morro-ipiranga\/#organization\"},\"alternateName\":\"Morro Ipiranga\",\"potentialAction\":[{\"@type\":\"SearchAction\",\"target\":{\"@type\":\"EntryPoint\",\"urlTemplate\":\"https:\/\/primahub.com.br\/manuais\/morro-ipiranga\/?s={search_term_string}\"},\"query-input\":{\"@type\":\"PropertyValueSpecification\",\"valueRequired\":true,\"valueName\":\"search_term_string\"}}],\"inLanguage\":\"pt-BR\"},{\"@type\":\"Organization\",\"@id\":\"https:\/\/primahub.com.br\/manuais\/morro-ipiranga\/#organization\",\"name\":\"Morro Ipiranga\",\"alternateName\":\"Morro Ipiranga\",\"url\":\"https:\/\/primahub.com.br\/manuais\/morro-ipiranga\/\",\"logo\":{\"@type\":\"ImageObject\",\"inLanguage\":\"pt-BR\",\"@id\":\"https:\/\/primahub.com.br\/manuais\/morro-ipiranga\/#\/schema\/logo\/image\/\",\"url\":\"https:\/\/primahub.com.br\/manuais\/morro-ipiranga\/wp-content\/uploads\/2024\/01\/logo.jpg\",\"contentUrl\":\"https:\/\/primahub.com.br\/manuais\/morro-ipiranga\/wp-content\/uploads\/2024\/01\/logo.jpg\",\"width\":280,\"height\":281,\"caption\":\"Morro Ipiranga\"},\"image\":{\"@id\":\"https:\/\/primahub.com.br\/manuais\/morro-ipiranga\/#\/schema\/logo\/image\/\"}}]}<\/script>\n<!-- \/ Yoast SEO plugin. -->","yoast_head_json":{"title":"Login | Morro Ipiranga","robots":{"index":"index","follow":"follow","max-snippet":"max-snippet:-1","max-image-preview":"max-image-preview:large","max-video-preview":"max-video-preview:-1"},"canonical":"https:\/\/primahub.com.br\/manuais\/morro-ipiranga\/login\/","og_locale":"pt_BR","og_type":"article","og_title":"Login | Morro Ipiranga","og_description":"Login Fa\u00e7a login para ter acesso aos arquivos restritos do site.","og_url":"https:\/\/primahub.com.br\/manuais\/morro-ipiranga\/login\/","og_site_name":"Morro Ipiranga","article_modified_time":"2024-08-02T15:20:27+00:00","og_image":[{"width":1200,"height":630,"url":"https:\/\/primahub.com.br\/manuais\/morro-ipiranga\/wp-content\/uploads\/2024\/01\/share.jpg","type":"image\/jpeg"}],"twitter_card":"summary_large_image","twitter_misc":{"Est. tempo de leitura":"1 minuto"},"schema":{"@context":"https:\/\/schema.org","@graph":[{"@type":"WebPage","@id":"https:\/\/primahub.com.br\/manuais\/morro-ipiranga\/login\/","url":"https:\/\/primahub.com.br\/manuais\/morro-ipiranga\/login\/","name":"Login | Morro Ipiranga","isPartOf":{"@id":"https:\/\/primahub.com.br\/manuais\/morro-ipiranga\/#website"},"datePublished":"2024-03-18T13:51:19+00:00","dateModified":"2024-08-02T15:20:27+00:00","breadcrumb":{"@id":"https:\/\/primahub.com.br\/manuais\/morro-ipiranga\/login\/#breadcrumb"},"inLanguage":"pt-BR","potentialAction":[{"@type":"ReadAction","target":["https:\/\/primahub.com.br\/manuais\/morro-ipiranga\/login\/"]}]},{"@type":"BreadcrumbList","@id":"https:\/\/primahub.com.br\/manuais\/morro-ipiranga\/login\/#breadcrumb","itemListElement":[{"@type":"ListItem","position":1,"name":"In\u00edcio","item":"https:\/\/primahub.com.br\/manuais\/morro-ipiranga\/"},{"@type":"ListItem","position":2,"name":"Login"}]},{"@type":"WebSite","@id":"https:\/\/primahub.com.br\/manuais\/morro-ipiranga\/#website","url":"https:\/\/primahub.com.br\/manuais\/morro-ipiranga\/","name":"Morro Ipiranga","description":"Da porta para fora, mais tranquilidade. Da porta para dentro, mais comodidade. 06 op\u00e7\u00f5es de plantas para voc\u00ea escolher a que melhor se encaixa ao seu estilo de vida.","publisher":{"@id":"https:\/\/primahub.com.br\/manuais\/morro-ipiranga\/#organization"},"alternateName":"Morro Ipiranga","potentialAction":[{"@type":"SearchAction","target":{"@type":"EntryPoint","urlTemplate":"https:\/\/primahub.com.br\/manuais\/morro-ipiranga\/?s={search_term_string}"},"query-input":{"@type":"PropertyValueSpecification","valueRequired":true,"valueName":"search_term_string"}}],"inLanguage":"pt-BR"},{"@type":"Organization","@id":"https:\/\/primahub.com.br\/manuais\/morro-ipiranga\/#organization","name":"Morro Ipiranga","alternateName":"Morro Ipiranga","url":"https:\/\/primahub.com.br\/manuais\/morro-ipiranga\/","logo":{"@type":"ImageObject","inLanguage":"pt-BR","@id":"https:\/\/primahub.com.br\/manuais\/morro-ipiranga\/#\/schema\/logo\/image\/","url":"https:\/\/primahub.com.br\/manuais\/morro-ipiranga\/wp-content\/uploads\/2024\/01\/logo.jpg","contentUrl":"https:\/\/primahub.com.br\/manuais\/morro-ipiranga\/wp-content\/uploads\/2024\/01\/logo.jpg","width":280,"height":281,"caption":"Morro Ipiranga"},"image":{"@id":"https:\/\/primahub.com.br\/manuais\/morro-ipiranga\/#\/schema\/logo\/image\/"}}]}},"_links":{"self":[{"href":"https:\/\/primahub.com.br\/manuais\/morro-ipiranga\/wp-json\/wp\/v2\/pages\/1225","targetHints":{"allow":["GET"]}}],"collection":[{"href":"https:\/\/primahub.com.br\/manuais\/morro-ipiranga\/wp-json\/wp\/v2\/pages"}],"about":[{"href":"https:\/\/primahub.com.br\/manuais\/morro-ipiranga\/wp-json\/wp\/v2\/types\/page"}],"author":[{"embeddable":true,"href":"https:\/\/primahub.com.br\/manuais\/morro-ipiranga\/wp-json\/wp\/v2\/users\/1"}],"replies":[{"embeddable":true,"href":"https:\/\/primahub.com.br\/manuais\/morro-ipiranga\/wp-json\/wp\/v2\/comments?post=1225"}],"version-history":[{"count":60,"href":"https:\/\/primahub.com.br\/manuais\/morro-ipiranga\/wp-json\/wp\/v2\/pages\/1225\/revisions"}],"predecessor-version":[{"id":1348,"href":"https:\/\/primahub.com.br\/manuais\/morro-ipiranga\/wp-json\/wp\/v2\/pages\/1225\/revisions\/1348"}],"wp:attachment":[{"href":"https:\/\/primahub.com.br\/manuais\/morro-ipiranga\/wp-json\/wp\/v2\/media?parent=1225"}],"curies":[{"name":"wp","href":"https:\/\/api.w.org\/{rel}","templated":true}]}}