{"id":541,"date":"2024-01-31T14:54:19","date_gmt":"2024-01-31T17:54:19","guid":{"rendered":"http:\/\/morroipiranga.iwwadigital.com.br\/?page_id=541"},"modified":"2024-02-02T18:16:04","modified_gmt":"2024-02-02T21:16:04","slug":"responsabilidades-relacionadas-ao-uso-operacao-e-manutencao","status":"publish","type":"page","link":"https:\/\/primahub.com.br\/manuais\/morro-ipiranga\/responsabilidades-relacionadas-ao-uso-operacao-e-manutencao\/","title":{"rendered":"Responsabilidades relacionadas ao uso, opera\u00e7\u00e3o e manuten\u00e7\u00e3o"},"content":{"rendered":"<p>Todos os envolvidos t\u00eam responsabilidades importantes na adequada utiliza\u00e7\u00e3o e conserva\u00e7\u00e3o da edifica\u00e7\u00e3o, cabendo-lhes cumprir a referida lei. A seguir relacionam-se algumas dessas responsabilidades.<\/p>\n<h3>2.1. CONSTRUTORA<\/h3>\n<ul>\n<li>Entregar ao Propriet\u00e1rio e S\u00edndico\/Administradora o Manual de Uso, Opera\u00e7\u00e3o e Manuten\u00e7\u00e3o contendo as<br \/>\ninforma\u00e7\u00f5es sobre o uso, opera\u00e7\u00e3o e manuten\u00e7\u00e3o da edifica\u00e7\u00e3o, conforme a NBR 14037;<\/li>\n<li>Entregar as notas fiscais dos equipamentos para o Propriet\u00e1rio e S\u00edndico\/Administradora;<\/li>\n<li>Entregar os projetos (em PDF) e especifica\u00e7\u00f5es t\u00e9cnicas do empreendimento ao Propriet\u00e1rio e S\u00edndico\/Administradora;<\/li>\n<li>Prestar esclarecimentos t\u00e9cnicos sobre materiais e m\u00e9todos construtivos utilizados e equipamentos instalados e entregues, quando consultada;<\/li>\n<li>Realizar assist\u00eancia t\u00e9cnica dentro do prazo e condi\u00e7\u00f5es de garantia, quando procedente;<\/li>\n<li>Entregar sugest\u00e3o ou modelo de programa de manuten\u00e7\u00e3o da edifica\u00e7\u00e3o com lista de verifica\u00e7\u00e3o.<\/li>\n<\/ul>\n<h3>2.2. S\u00cdNDICO E\/OU ADMINISTRADORA<\/h3>\n<ul>\n<li>O s\u00edndico \u00e9 co-respons\u00e1vel do propriet\u00e1rio;<\/li>\n<li>Administrar os recursos para o Programa de Manuten\u00e7\u00e3o preventiva, corretiva e rotineira das \u00e1reas comuns;<\/li>\n<li>Assegurar que seja estabelecido o modo de comunica\u00e7\u00e3o apropriado em todos os n\u00edveis do empreendimento;<\/li>\n<li>Contratar e treinar funcion\u00e1rios para a execu\u00e7\u00e3o das manuten\u00e7\u00f5es;<\/li>\n<li>Contratar empresas (capacitadas ou especializadas, conforme complexidade e riscos) para a execu\u00e7\u00e3o das manuten\u00e7\u00f5es;<\/li>\n<li>Supervisionar as atividades de manuten\u00e7\u00e3o, uso, conserva\u00e7\u00e3o e limpeza das \u00e1reas e equipamentos do empreendimento;<\/li>\n<li>Convocar assembleia geral, a fim de aprovar os recursos para a realiza\u00e7\u00e3o das manuten\u00e7\u00f5es;<\/li>\n<li>Elaborar e implantar plano de transi\u00e7\u00e3o e esclarecimento de d\u00favidas que possa garantir a operacionalidade do empreendimento sem preju\u00edzos por conta da troca do respons\u00e1vel legal; toda documenta\u00e7\u00e3o dever\u00e1 ser entregue formalmente ao sucessor;<\/li>\n<li>Disponibilizar uma c\u00f3pia deste Manual e documentos correlatos, ao novo Propriet\u00e1rio e S\u00edndico e\/ou Administradora, bem como orient\u00e1-lo sobre o adequado uso, opera\u00e7\u00e3o, manuten\u00e7\u00e3o, inspe\u00e7\u00f5es e garantias do empreendimento;<\/li>\n<li>Zelar pela limpeza e utiliza\u00e7\u00e3o correta de todas as partes do empreendimento (manuten\u00e7\u00e3o rotineira);<\/li>\n<li>Elaborar, implantar e acompanhar o Programa de Manuten\u00e7\u00e3o preventiva, corretiva e rotineira, bem como os planos de manuten\u00e7\u00e3o, valendo-se das diretrizes gerais estabelecidas no presente Manual, nas normas t\u00e9cnicas e legisla\u00e7\u00f5es atualizadas aplic\u00e1veis ao longo da vida do empreendimento;<\/li>\n<li>Realizar e registrar as manuten\u00e7\u00f5es preventivas ou corretivas realizadas na forma prevista na normaliza\u00e7\u00e3o t\u00e9cnica aplic\u00e1vel, manuais e cat\u00e1logos de fornecedores, projetos espec\u00edficos e orienta\u00e7\u00f5es deste Manual;<\/li>\n<li>Coletar e arquivar todos os documentos relacionados ao uso, opera\u00e7\u00e3o e manuten\u00e7\u00e3o do empreendimento na forma prevista na normaliza\u00e7\u00e3o t\u00e9cnica aplic\u00e1vel (relat\u00f3rios de inspe\u00e7\u00f5es, notas fiscais, contratos, certificados, di\u00e1rios de obras, registros fotogr\u00e1ficos, garantias, ART \u2013 Anota\u00e7\u00e3o de Responsabilidade T\u00e9cnica, etc.) e em condi\u00e7\u00f5es de consulta, assim como repass\u00e1-lo ao seu sucessor; gerenciar e manter atualizada a documenta\u00e7\u00e3o, seus registros e seu fluxo pertinente \u00e0 gest\u00e3o da manuten\u00e7\u00e3o do empreendimento;<\/li>\n<li>Realizar inspe\u00e7\u00f5es peri\u00f3dicas e registrar o estado dos componentes, instala\u00e7\u00f5es, equipamentos e sistemas<br \/>\ndo empreendimento, indicando e\/ou realizando a necessidade de substitui\u00e7\u00f5es, reparos e adapta\u00e7\u00f5es;<\/li>\n<li>Sempre que necess\u00e1rio, indicar a necessidade de elabora\u00e7\u00e3o de projetos espec\u00edficos, visando melhorias na seguran\u00e7a, preserva\u00e7\u00e3o, opera\u00e7\u00e3o e atualiza\u00e7\u00e3o da edifica\u00e7\u00e3o ao longo da sua vida \u00fatil;<\/li>\n<li>Encaminhar para pr\u00e9via an\u00e1lise do incorporador, construtor ou projetista ou, na sua falta, de um respons\u00e1vel t\u00e9cnico, qualquer altera\u00e7\u00e3o nos sistemas estruturais do empreendimento ou sistemas de veda\u00e7\u00f5es horizontais e verticais ou consulta sobre limita\u00e7\u00f5es e impedimentos quanto ao uso da edifica\u00e7\u00e3o ou de seus sistemas e elementos, instala\u00e7\u00f5es e equipamentos ou qualquer modifica\u00e7\u00e3o que altere ou comprometa o desempenho do sistema, conforme descrito na ABNT NBR 14037;<\/li>\n<li>Utilizar materiais, acess\u00f3rios e pe\u00e7as originais ou de desempenho comprovadamente equivalente na manuten\u00e7\u00e3o dos componentes e equipamentos da edifica\u00e7\u00e3o, adquirindo sempre que poss\u00edvel dos Fornecedores indicados na Rela\u00e7\u00e3o de Fornecedores deste Manual;<\/li>\n<li>Exigir um \u201cplano de reforma\u201d aos Propriet\u00e1rios, de acordo com a NBR 16280, referente a todas as reformas a serem executadas nas unidades;<\/li>\n<li>Responsabilizar-se civilmente por eventuais acidentes e preju\u00edzos materiais e\/ou pessoais que possam decorrer de manuten\u00e7\u00f5es inadequadas ou insuficientes, incluindo sistemas de preven\u00e7\u00e3o e combate a inc\u00eandio;<\/li>\n<li>Atender \u00e0 legisla\u00e7\u00e3o vigente, bem como as normas ABNT NBR 5674, NBR 16280 e a este Manual, principalmente.<\/li>\n<\/ul>\n<h3>2.3. PROPRIET\u00c1RIO<\/h3>\n<ul>\n<li>Zelar pela limpeza e utiliza\u00e7\u00e3o correta de todas as partes da edifica\u00e7\u00e3o (manuten\u00e7\u00e3o rotineira);<\/li>\n<li>Acompanhar o Programa de Manuten\u00e7\u00e3o preventiva, corretiva e rotineira, bem como os planos de manuten\u00e7\u00e3o, valendo-se das diretrizes gerais estabelecidas no presente Manual, nas normas t\u00e9cnicas e legisla\u00e7\u00f5es atualizadas aplic\u00e1veis ao longo da vida da edifica\u00e7\u00e3o;<\/li>\n<li>Fazer cumprir e prover os recursos para o Programa de Manuten\u00e7\u00e3o preventiva, corretiva e rotineira de todas as \u00e1reas;<\/li>\n<li>Acompanhar as atividades de manuten\u00e7\u00e3o, uso, conserva\u00e7\u00e3o e limpeza das \u00e1reas e equipamentos da edifica\u00e7\u00e3o;<\/li>\n<li>Acompanhar a realiza\u00e7\u00e3o e registro das manuten\u00e7\u00f5es preventivas ou corretivas realizadas na forma prevista na normaliza\u00e7\u00e3o t\u00e9cnica aplic\u00e1vel, manuais e cat\u00e1logos de fornecedores, projetos espec\u00edficos e orienta\u00e7\u00f5es do Manual;<\/li>\n<li>Sempre que necess\u00e1rio, indicar necessidade de elabora\u00e7\u00e3o de projetos espec\u00edficos, visando melhorias na seguran\u00e7a, preserva\u00e7\u00e3o, opera\u00e7\u00e3o e atualiza\u00e7\u00e3o da edifica\u00e7\u00e3o ao longo da sua vida \u00fatil;<\/li>\n<li>Atender \u00e0 legisla\u00e7\u00e3o vigente, bem como as normas ABNT NBR 5674, NBR 16280 e a este Manual, principalmente;<\/li>\n<li>Solicitar ao S\u00edndico e\/ou Administradora anterior que uma c\u00f3pia deste Manual e documentos correlatos, seja fornecida ao novo S\u00edndico e\/ou Administradora, bem como orient\u00e1-lo sobre o adequado uso, opera\u00e7\u00e3o, manuten\u00e7\u00e3o, inspe\u00e7\u00f5es e garantias da edifica\u00e7\u00e3o, quando for necess\u00e1rio;<\/li>\n<li>Realizar a manuten\u00e7\u00e3o nas \u00e1reas privativas do seu im\u00f3vel, observando o estabelecido no Manual;<\/li>\n<li>Elaborar um \u201cplano de reforma\u201d de acordo com a NBR 16280, referente \u00e0 reforma a ser executada na unidade e entregar ao S\u00edndico e\/ou Administradora;<\/li>\n<li>Disponibilizar uma c\u00f3pia deste Manual e documentos correlatos, ao profissional t\u00e9cnico, que ir\u00e1 elaborar a reforma na unidade privativa;<\/li>\n<li>Consultar o item 7.3 Sistemas Estruturais e 7.4 Sistema de Veda\u00e7\u00f5es as recomenda\u00e7\u00f5es referentes aos cuidados com a estrutura e veda\u00e7\u00f5es executadas;<\/li>\n<li>Consultar nos projetos de instala\u00e7\u00f5es e as buits as informa\u00e7\u00f5es necess\u00e1rias de cuidados antes de iniciar o \u201cplano de reforma\u201d;<\/li>\n<li>Entregar \u00e0 Construtora e ao S\u00edndico e\/ou Administradora uma c\u00f3pia do \u201cplano de reforma&#8221;, incluindo os projetos assinados e ART ou RRT assinadas por profissional habilitado.<\/li>\n<\/ul>\n<h3>2.4. PROJETISTAS<\/h3>\n<ul>\n<li>Esclarecer d\u00favidas dos projetos;<\/li>\n<li>Esclarecer d\u00favidas sobre o prazo da vida \u00fatil do projeto.<\/li>\n<\/ul>\n<h3>2.5. FORNECEDORES<\/h3>\n<ul>\n<li>Apresentar resultados comprobat\u00f3rios que atestem o desempenho do componente, elemento ou sistema fornecido conforme as respectivas normas;<\/li>\n<li>Fornecer e garantir o prazo de vida \u00fatil previsto para o produto;<\/li>\n<li>Orientar sobre o uso, a opera\u00e7\u00e3o e a manuten\u00e7\u00e3o do componente, elemento ou sistema;<\/li>\n<li>Prestar assist\u00eancia t\u00e9cnica dos componentes e sistemas fornecidos.<\/li>\n<\/ul>\n","protected":false},"excerpt":{"rendered":"<p>Todos os envolvidos t\u00eam responsabilidades importantes na adequada utiliza\u00e7\u00e3o e conserva\u00e7\u00e3o da edifica\u00e7\u00e3o, cabendo-lhes cumprir a referida lei. A seguir relacionam-se algumas dessas responsabilidades. 2.1. CONSTRUTORA Entregar ao Propriet\u00e1rio e S\u00edndico\/Administradora o Manual de Uso, Opera\u00e7\u00e3o e Manuten\u00e7\u00e3o contendo as informa\u00e7\u00f5es sobre o uso, opera\u00e7\u00e3o e manuten\u00e7\u00e3o da edifica\u00e7\u00e3o, conforme a NBR 14037; Entregar as [&hellip;]<\/p>\n","protected":false},"author":1,"featured_media":0,"parent":0,"menu_order":0,"comment_status":"closed","ping_status":"closed","template":"","meta":{"_acf_changed":false,"footnotes":""},"class_list":["post-541","page","type-page","status-publish","hentry"],"acf":[],"yoast_head":"<!-- This site is optimized with the Yoast SEO plugin v27.0 - https:\/\/yoast.com\/product\/yoast-seo-wordpress\/ -->\n<title>Responsabilidades relacionadas ao uso, opera\u00e7\u00e3o e manuten\u00e7\u00e3o | Morro Ipiranga<\/title>\n<meta name=\"robots\" content=\"index, follow, max-snippet:-1, max-image-preview:large, max-video-preview:-1\" \/>\n<link rel=\"canonical\" href=\"https:\/\/primahub.com.br\/manuais\/morro-ipiranga\/responsabilidades-relacionadas-ao-uso-operacao-e-manutencao\/\" \/>\n<meta property=\"og:locale\" content=\"pt_BR\" \/>\n<meta property=\"og:type\" content=\"article\" \/>\n<meta property=\"og:title\" content=\"Responsabilidades relacionadas ao uso, opera\u00e7\u00e3o e manuten\u00e7\u00e3o | Morro Ipiranga\" \/>\n<meta property=\"og:description\" content=\"Todos os envolvidos t\u00eam responsabilidades importantes na adequada utiliza\u00e7\u00e3o e conserva\u00e7\u00e3o da edifica\u00e7\u00e3o, cabendo-lhes cumprir a referida lei. A seguir relacionam-se algumas dessas responsabilidades. 2.1. CONSTRUTORA Entregar ao Propriet\u00e1rio e S\u00edndico\/Administradora o Manual de Uso, Opera\u00e7\u00e3o e Manuten\u00e7\u00e3o contendo as informa\u00e7\u00f5es sobre o uso, opera\u00e7\u00e3o e manuten\u00e7\u00e3o da edifica\u00e7\u00e3o, conforme a NBR 14037; Entregar as [&hellip;]\" \/>\n<meta property=\"og:url\" content=\"https:\/\/primahub.com.br\/manuais\/morro-ipiranga\/responsabilidades-relacionadas-ao-uso-operacao-e-manutencao\/\" \/>\n<meta property=\"og:site_name\" content=\"Morro Ipiranga\" \/>\n<meta property=\"article:modified_time\" content=\"2024-02-02T21:16:04+00:00\" \/>\n<meta property=\"og:image\" content=\"https:\/\/primahub.com.br\/manuais\/morro-ipiranga\/wp-content\/uploads\/2024\/01\/share.jpg\" \/>\n\t<meta property=\"og:image:width\" content=\"1200\" \/>\n\t<meta property=\"og:image:height\" content=\"630\" \/>\n\t<meta property=\"og:image:type\" content=\"image\/jpeg\" \/>\n<meta name=\"twitter:card\" content=\"summary_large_image\" \/>\n<meta name=\"twitter:label1\" content=\"Est. tempo de leitura\" \/>\n\t<meta name=\"twitter:data1\" content=\"6 minutos\" \/>\n<script type=\"application\/ld+json\" class=\"yoast-schema-graph\">{\"@context\":\"https:\/\/schema.org\",\"@graph\":[{\"@type\":\"WebPage\",\"@id\":\"https:\/\/primahub.com.br\/manuais\/morro-ipiranga\/responsabilidades-relacionadas-ao-uso-operacao-e-manutencao\/\",\"url\":\"https:\/\/primahub.com.br\/manuais\/morro-ipiranga\/responsabilidades-relacionadas-ao-uso-operacao-e-manutencao\/\",\"name\":\"Responsabilidades relacionadas ao uso, opera\u00e7\u00e3o e manuten\u00e7\u00e3o | Morro Ipiranga\",\"isPartOf\":{\"@id\":\"https:\/\/primahub.com.br\/manuais\/morro-ipiranga\/#website\"},\"datePublished\":\"2024-01-31T17:54:19+00:00\",\"dateModified\":\"2024-02-02T21:16:04+00:00\",\"breadcrumb\":{\"@id\":\"https:\/\/primahub.com.br\/manuais\/morro-ipiranga\/responsabilidades-relacionadas-ao-uso-operacao-e-manutencao\/#breadcrumb\"},\"inLanguage\":\"pt-BR\",\"potentialAction\":[{\"@type\":\"ReadAction\",\"target\":[\"https:\/\/primahub.com.br\/manuais\/morro-ipiranga\/responsabilidades-relacionadas-ao-uso-operacao-e-manutencao\/\"]}]},{\"@type\":\"BreadcrumbList\",\"@id\":\"https:\/\/primahub.com.br\/manuais\/morro-ipiranga\/responsabilidades-relacionadas-ao-uso-operacao-e-manutencao\/#breadcrumb\",\"itemListElement\":[{\"@type\":\"ListItem\",\"position\":1,\"name\":\"In\u00edcio\",\"item\":\"https:\/\/primahub.com.br\/manuais\/morro-ipiranga\/\"},{\"@type\":\"ListItem\",\"position\":2,\"name\":\"Responsabilidades relacionadas ao uso, opera\u00e7\u00e3o e manuten\u00e7\u00e3o\"}]},{\"@type\":\"WebSite\",\"@id\":\"https:\/\/primahub.com.br\/manuais\/morro-ipiranga\/#website\",\"url\":\"https:\/\/primahub.com.br\/manuais\/morro-ipiranga\/\",\"name\":\"Morro Ipiranga\",\"description\":\"Da porta para fora, mais tranquilidade. Da porta para dentro, mais comodidade. 06 op\u00e7\u00f5es de plantas para voc\u00ea escolher a que melhor se encaixa ao seu estilo de vida.\",\"publisher\":{\"@id\":\"https:\/\/primahub.com.br\/manuais\/morro-ipiranga\/#organization\"},\"alternateName\":\"Morro Ipiranga\",\"potentialAction\":[{\"@type\":\"SearchAction\",\"target\":{\"@type\":\"EntryPoint\",\"urlTemplate\":\"https:\/\/primahub.com.br\/manuais\/morro-ipiranga\/?s={search_term_string}\"},\"query-input\":{\"@type\":\"PropertyValueSpecification\",\"valueRequired\":true,\"valueName\":\"search_term_string\"}}],\"inLanguage\":\"pt-BR\"},{\"@type\":\"Organization\",\"@id\":\"https:\/\/primahub.com.br\/manuais\/morro-ipiranga\/#organization\",\"name\":\"Morro Ipiranga\",\"alternateName\":\"Morro Ipiranga\",\"url\":\"https:\/\/primahub.com.br\/manuais\/morro-ipiranga\/\",\"logo\":{\"@type\":\"ImageObject\",\"inLanguage\":\"pt-BR\",\"@id\":\"https:\/\/primahub.com.br\/manuais\/morro-ipiranga\/#\/schema\/logo\/image\/\",\"url\":\"https:\/\/primahub.com.br\/manuais\/morro-ipiranga\/wp-content\/uploads\/2024\/01\/logo.jpg\",\"contentUrl\":\"https:\/\/primahub.com.br\/manuais\/morro-ipiranga\/wp-content\/uploads\/2024\/01\/logo.jpg\",\"width\":280,\"height\":281,\"caption\":\"Morro Ipiranga\"},\"image\":{\"@id\":\"https:\/\/primahub.com.br\/manuais\/morro-ipiranga\/#\/schema\/logo\/image\/\"}}]}<\/script>\n<!-- \/ Yoast SEO plugin. -->","yoast_head_json":{"title":"Responsabilidades relacionadas ao uso, opera\u00e7\u00e3o e manuten\u00e7\u00e3o | Morro Ipiranga","robots":{"index":"index","follow":"follow","max-snippet":"max-snippet:-1","max-image-preview":"max-image-preview:large","max-video-preview":"max-video-preview:-1"},"canonical":"https:\/\/primahub.com.br\/manuais\/morro-ipiranga\/responsabilidades-relacionadas-ao-uso-operacao-e-manutencao\/","og_locale":"pt_BR","og_type":"article","og_title":"Responsabilidades relacionadas ao uso, opera\u00e7\u00e3o e manuten\u00e7\u00e3o | Morro Ipiranga","og_description":"Todos os envolvidos t\u00eam responsabilidades importantes na adequada utiliza\u00e7\u00e3o e conserva\u00e7\u00e3o da edifica\u00e7\u00e3o, cabendo-lhes cumprir a referida lei. A seguir relacionam-se algumas dessas responsabilidades. 2.1. CONSTRUTORA Entregar ao Propriet\u00e1rio e S\u00edndico\/Administradora o Manual de Uso, Opera\u00e7\u00e3o e Manuten\u00e7\u00e3o contendo as informa\u00e7\u00f5es sobre o uso, opera\u00e7\u00e3o e manuten\u00e7\u00e3o da edifica\u00e7\u00e3o, conforme a NBR 14037; Entregar as [&hellip;]","og_url":"https:\/\/primahub.com.br\/manuais\/morro-ipiranga\/responsabilidades-relacionadas-ao-uso-operacao-e-manutencao\/","og_site_name":"Morro Ipiranga","article_modified_time":"2024-02-02T21:16:04+00:00","og_image":[{"width":1200,"height":630,"url":"https:\/\/primahub.com.br\/manuais\/morro-ipiranga\/wp-content\/uploads\/2024\/01\/share.jpg","type":"image\/jpeg"}],"twitter_card":"summary_large_image","twitter_misc":{"Est. tempo de leitura":"6 minutos"},"schema":{"@context":"https:\/\/schema.org","@graph":[{"@type":"WebPage","@id":"https:\/\/primahub.com.br\/manuais\/morro-ipiranga\/responsabilidades-relacionadas-ao-uso-operacao-e-manutencao\/","url":"https:\/\/primahub.com.br\/manuais\/morro-ipiranga\/responsabilidades-relacionadas-ao-uso-operacao-e-manutencao\/","name":"Responsabilidades relacionadas ao uso, opera\u00e7\u00e3o e manuten\u00e7\u00e3o | Morro Ipiranga","isPartOf":{"@id":"https:\/\/primahub.com.br\/manuais\/morro-ipiranga\/#website"},"datePublished":"2024-01-31T17:54:19+00:00","dateModified":"2024-02-02T21:16:04+00:00","breadcrumb":{"@id":"https:\/\/primahub.com.br\/manuais\/morro-ipiranga\/responsabilidades-relacionadas-ao-uso-operacao-e-manutencao\/#breadcrumb"},"inLanguage":"pt-BR","potentialAction":[{"@type":"ReadAction","target":["https:\/\/primahub.com.br\/manuais\/morro-ipiranga\/responsabilidades-relacionadas-ao-uso-operacao-e-manutencao\/"]}]},{"@type":"BreadcrumbList","@id":"https:\/\/primahub.com.br\/manuais\/morro-ipiranga\/responsabilidades-relacionadas-ao-uso-operacao-e-manutencao\/#breadcrumb","itemListElement":[{"@type":"ListItem","position":1,"name":"In\u00edcio","item":"https:\/\/primahub.com.br\/manuais\/morro-ipiranga\/"},{"@type":"ListItem","position":2,"name":"Responsabilidades relacionadas ao uso, opera\u00e7\u00e3o e manuten\u00e7\u00e3o"}]},{"@type":"WebSite","@id":"https:\/\/primahub.com.br\/manuais\/morro-ipiranga\/#website","url":"https:\/\/primahub.com.br\/manuais\/morro-ipiranga\/","name":"Morro Ipiranga","description":"Da porta para fora, mais tranquilidade. Da porta para dentro, mais comodidade. 06 op\u00e7\u00f5es de plantas para voc\u00ea escolher a que melhor se encaixa ao seu estilo de vida.","publisher":{"@id":"https:\/\/primahub.com.br\/manuais\/morro-ipiranga\/#organization"},"alternateName":"Morro Ipiranga","potentialAction":[{"@type":"SearchAction","target":{"@type":"EntryPoint","urlTemplate":"https:\/\/primahub.com.br\/manuais\/morro-ipiranga\/?s={search_term_string}"},"query-input":{"@type":"PropertyValueSpecification","valueRequired":true,"valueName":"search_term_string"}}],"inLanguage":"pt-BR"},{"@type":"Organization","@id":"https:\/\/primahub.com.br\/manuais\/morro-ipiranga\/#organization","name":"Morro Ipiranga","alternateName":"Morro Ipiranga","url":"https:\/\/primahub.com.br\/manuais\/morro-ipiranga\/","logo":{"@type":"ImageObject","inLanguage":"pt-BR","@id":"https:\/\/primahub.com.br\/manuais\/morro-ipiranga\/#\/schema\/logo\/image\/","url":"https:\/\/primahub.com.br\/manuais\/morro-ipiranga\/wp-content\/uploads\/2024\/01\/logo.jpg","contentUrl":"https:\/\/primahub.com.br\/manuais\/morro-ipiranga\/wp-content\/uploads\/2024\/01\/logo.jpg","width":280,"height":281,"caption":"Morro Ipiranga"},"image":{"@id":"https:\/\/primahub.com.br\/manuais\/morro-ipiranga\/#\/schema\/logo\/image\/"}}]}},"_links":{"self":[{"href":"https:\/\/primahub.com.br\/manuais\/morro-ipiranga\/wp-json\/wp\/v2\/pages\/541","targetHints":{"allow":["GET"]}}],"collection":[{"href":"https:\/\/primahub.com.br\/manuais\/morro-ipiranga\/wp-json\/wp\/v2\/pages"}],"about":[{"href":"https:\/\/primahub.com.br\/manuais\/morro-ipiranga\/wp-json\/wp\/v2\/types\/page"}],"author":[{"embeddable":true,"href":"https:\/\/primahub.com.br\/manuais\/morro-ipiranga\/wp-json\/wp\/v2\/users\/1"}],"replies":[{"embeddable":true,"href":"https:\/\/primahub.com.br\/manuais\/morro-ipiranga\/wp-json\/wp\/v2\/comments?post=541"}],"version-history":[{"count":10,"href":"https:\/\/primahub.com.br\/manuais\/morro-ipiranga\/wp-json\/wp\/v2\/pages\/541\/revisions"}],"predecessor-version":[{"id":1010,"href":"https:\/\/primahub.com.br\/manuais\/morro-ipiranga\/wp-json\/wp\/v2\/pages\/541\/revisions\/1010"}],"wp:attachment":[{"href":"https:\/\/primahub.com.br\/manuais\/morro-ipiranga\/wp-json\/wp\/v2\/media?parent=541"}],"curies":[{"name":"wp","href":"https:\/\/api.w.org\/{rel}","templated":true}]}}