{"id":582,"date":"2024-02-01T21:32:35","date_gmt":"2024-02-02T00:32:35","guid":{"rendered":"http:\/\/morroipiranga.iwwadigital.com.br\/?page_id=582"},"modified":"2024-02-02T18:16:18","modified_gmt":"2024-02-02T21:16:18","slug":"desempenho-tecnico-previsto-para-o-imovel","status":"publish","type":"page","link":"https:\/\/primahub.com.br\/manuais\/morro-ipiranga\/desempenho-tecnico-previsto-para-o-imovel\/","title":{"rendered":"Desempenho t\u00e9cnico previsto para o im\u00f3vel"},"content":{"rendered":"<p><strong>Conforme a norma ABNT NBR 15575, para se atingir a vida \u00fatil de projeto, os Usu\u00e1rios devem desenvolver os programas de manuten\u00e7\u00e3o, conforme definido pela NBR 14037, item Programa de manuten\u00e7\u00e3o preventiva, atendendo aos crit\u00e9rios estabelecidos na NBR 5674, \u00e0s recomenda\u00e7\u00f5es contidas neste Manual, \u00e0s instru\u00e7\u00f5es dos fabricantes de equipamentos e \u00e0s recomenda\u00e7\u00f5es t\u00e9cnicas das inspe\u00e7\u00f5es prediais.<\/strong><\/p>\n<p><strong>A inspe\u00e7\u00e3o predial configura-se como ferramenta \u00fatil para avalia\u00e7\u00e3o das condi\u00e7\u00f5es de conserva\u00e7\u00e3o das edifica\u00e7\u00f5es em geral, para atestar se os procedimentos de manuten\u00e7\u00e3o adotados s\u00e3o insuficientes ou inexistentes, al\u00e9m de fornecer subs\u00eddios para orientar o plano e programas de manuten\u00e7\u00e3o, atrav\u00e9s das recomenda\u00e7\u00f5es t\u00e9cnicas indicadas no documento de inspe\u00e7\u00e3o predial.<\/strong><\/p>\n<p>O edif\u00edcio foi projetado em atendimento \u00e0s condi\u00e7\u00f5es previstas na legisla\u00e7\u00e3o e na normatiza\u00e7\u00e3o t\u00e9cnica brasileira, considerando espa\u00e7os m\u00ednimos e funcionalidade dos espa\u00e7os arquitet\u00f4nicos, condi\u00e7\u00f5es sanit\u00e1rias, seguran\u00e7a e estabilidade estrutural, seguran\u00e7a contra inc\u00eandio, seguran\u00e7a no uso e ocupa\u00e7\u00e3o, estanqueidade \u00e0 \u00e1gua e outros.<\/p>\n<p>Os projetos foram desenvolvidos considerando o atendimento \u00e0 Vida \u00datil de Projeto &#8211; VUP prevista pela norma ABNT NBR 15575 \u201cEdifica\u00e7\u00f5es habitacionais \u2013 Desempenho &#8211; Partes 1 a 6\u201d para as diferentes partes da constru\u00e7\u00e3o, considerando-se sempre o N\u00edvel M\u00ednimo (M) de desempenho, conforme indicado na tabela a seguir:<\/p>\n<p><strong>Tabela \u2014 Vida \u00fatil de projeto (VUP) para as diferentes partes do edif\u00edcio\/Condom\u00ednio em quest\u00e3o<\/strong><\/p>\n<table>\n<tbody>\n<tr>\n<td width=\"175\"><strong>\u00a0<\/strong><\/p>\n<p><strong>Parte da edifica\u00e7\u00e3o<\/strong><\/td>\n<td width=\"350\"><strong>\u00a0<\/strong><\/p>\n<p><strong>Elementos e componentes t\u00edpicos<\/strong><\/td>\n<td width=\"104\"><strong><em>VUP <\/em><\/strong><em>(anos) para a presente<\/em><\/p>\n<p><em>obra<\/em><\/td>\n<\/tr>\n<tr>\n<td width=\"175\"><strong>\u00a0<\/strong><\/p>\n<p>Estrutura principal<\/td>\n<td width=\"350\">Funda\u00e7\u00f5es, elementos estruturais (pilares, vigas, lajes e outros), paredes estruturais, estruturas perif\u00e9ricas, conten\u00e7\u00f5es e arrimos.<\/td>\n<td width=\"104\"><strong>\u00a0<\/strong><\/p>\n<p>\u2265 50<\/td>\n<\/tr>\n<tr>\n<td width=\"175\">Estruturas auxiliares<\/td>\n<td width=\"350\">Muros divis\u00f3rios.<\/td>\n<td width=\"104\">\u2265 20<\/td>\n<\/tr>\n<tr>\n<td width=\"175\">Veda\u00e7\u00e3o externa<\/td>\n<td width=\"350\">Paredes de veda\u00e7\u00e3o externas.<\/td>\n<td width=\"104\">\u2265 40<\/td>\n<\/tr>\n<tr>\n<td width=\"175\"><strong>\u00a0<\/strong><\/p>\n<p>Veda\u00e7\u00e3o interna<\/td>\n<td width=\"350\">Paredes e divis\u00f3rias leves internas, escadas internas, guarda- corpos.<\/td>\n<td width=\"104\"><strong>\u00a0<\/strong><\/p>\n<p>\u2265 20<\/td>\n<\/tr>\n<tr>\n<td width=\"175\"><\/td>\n<td width=\"350\">Estrutura da cobertura e coletores de \u00e1guas pluviais embutidos.<\/td>\n<td width=\"104\">\u2265 20<\/td>\n<\/tr>\n<tr>\n<td width=\"175\"><\/td>\n<td width=\"350\">Telhamento.<\/td>\n<td width=\"104\">\u2265 13<\/td>\n<\/tr>\n<tr>\n<td width=\"175\">Cobertura<\/td>\n<td width=\"350\">Calhas de beiral e coletores de \u00e1guas pluviais aparentes, subcoberturas facilmente substitu\u00edveis.<\/td>\n<td width=\"104\"><strong>\u00a0<\/strong><\/p>\n<p>\u2265 4<\/td>\n<\/tr>\n<tr>\n<td width=\"175\"><\/td>\n<td width=\"350\">Rufos, calhas internas e demais complementos (de ventila\u00e7\u00e3o, ilumina\u00e7\u00e3o, veda\u00e7\u00e3o).<\/td>\n<td width=\"104\"><strong>\u00a0<\/strong><\/p>\n<p>\u2265 8<\/td>\n<\/tr>\n<tr>\n<td width=\"175\"><strong>\u00a0<\/strong><\/p>\n<p>Revestimento interno aderido<\/td>\n<td width=\"350\"><strong>\u00a0<\/strong><\/p>\n<p>Revestimento interno de piso, parede e teto: de argamassa, de gesso, cer\u00e2micos, p\u00e9treos.<\/td>\n<td width=\"104\"><strong>\u00a0<\/strong><\/p>\n<p>\u2265 13<\/td>\n<\/tr>\n<\/tbody>\n<\/table>\n<p>&nbsp;<\/p>\n<table>\n<tbody>\n<tr>\n<td width=\"175\"><strong>\u00a0<\/strong><\/p>\n<p><strong>Parte da edifica\u00e7\u00e3o<\/strong><\/td>\n<td width=\"350\"><strong>\u00a0<\/strong><\/p>\n<p><strong>Elementos e componentes t\u00edpicos<\/strong><\/td>\n<td width=\"104\"><strong><em>VUP <\/em><\/strong><em>(anos) para a presente<\/em><\/p>\n<p><em>obra<\/em><\/td>\n<\/tr>\n<tr>\n<td width=\"175\">Revestimento de fachada aderido e n\u00e3o aderido<\/td>\n<td width=\"350\">Revestimento, molduras, componentes decorativos, cobre muros.<\/td>\n<td width=\"104\"><strong>\u00a0<\/strong><\/p>\n<p>\u2265 20<\/td>\n<\/tr>\n<tr>\n<td width=\"175\">Piso externo<\/td>\n<td width=\"350\">P\u00e9treo, cimentados de concreto, e cer\u00e2mico<\/td>\n<td width=\"104\">\u2265 13<\/td>\n<\/tr>\n<tr>\n<td width=\"175\"><strong>\u00a0<\/strong><\/p>\n<p>Pintura<\/td>\n<td width=\"350\"><strong>\u00a0<\/strong><\/p>\n<p>Pinturas internas e papel de parede.<\/td>\n<td width=\"104\"><strong>\u00a0<\/strong><\/p>\n<p>\u2265 3<\/td>\n<\/tr>\n<tr>\n<td width=\"175\">Impermeabiliza\u00e7\u00e3o manuten\u00edvel sem quebra dos revestimentos<\/td>\n<td width=\"350\"><strong>\u00a0<\/strong><\/p>\n<p>Compoentes de juntas e rejuntamentos; mata-juntas, sancas, golas, rodap\u00e9s e demais componentes de arremate.<\/td>\n<td width=\"104\"><strong>\u00a0<\/strong><\/p>\n<p>\u2265 4<\/td>\n<\/tr>\n<tr>\n<td width=\"175\">Impermeabiliza\u00e7\u00e3o manuten\u00edvel apenas com a quebra dos revestimentos<\/td>\n<td width=\"350\">Impermeabiliza\u00e7\u00f5es de \u00e1reas internas, de piscina, de \u00e1reas externas com pisos, de coberturas utiliz\u00e1veis, de rampas de garagem, etc.).<\/td>\n<td width=\"104\"><strong>\u00a0<\/strong><\/p>\n<p>\u2265 20<\/td>\n<\/tr>\n<tr>\n<td width=\"175\"><strong>\u00a0<\/strong><\/p>\n<p>Esquadrias externas (de fachada)<\/td>\n<td width=\"350\">Janelas (componentes fixos e m\u00f3veis), portas-balc\u00e3o, gradis, grades de prote\u00e7\u00e3o, cobog\u00f3s, brises. Inclusos complementos de acabamento como peitoris, soleiras, pingadeiras e ferragens de manobra e fechamento.<\/td>\n<td width=\"104\"><strong>\u00a0<\/strong><\/p>\n<p><strong>\u00a0<\/strong><\/p>\n<p>\u2265 20<\/td>\n<\/tr>\n<tr>\n<td width=\"175\"><\/td>\n<td width=\"350\"><strong>\u00a0<\/strong><\/p>\n<p>Portas e grades internas, janelas para \u00e1reas internas.<\/td>\n<td width=\"104\"><strong>\u00a0<\/strong><\/p>\n<p>\u2265 8<\/td>\n<\/tr>\n<tr>\n<td width=\"175\"><\/td>\n<td rowspan=\"2\" width=\"350\"><strong>\u00a0<\/strong><\/p>\n<p>Portas externas, portas corta-fogo, portas e gradis de prote\u00e7\u00e3o \u00e0 espa\u00e7os internos sujeitos a queda &gt; 2 m.<\/td>\n<td width=\"104\"><strong>\u00a0<\/strong><\/p>\n<p>\u2265 13<\/td>\n<\/tr>\n<tr>\n<td width=\"175\">Esquadrias internas<\/td>\n<td width=\"104\"><\/td>\n<\/tr>\n<tr>\n<td width=\"175\"><\/td>\n<td width=\"350\">Complementos de esquadrias internas, como ferragens, fechaduras, trilhos, folhas mosquiteiras, alisares e demais complementos de arremate e guarni\u00e7\u00e3o.<\/td>\n<td width=\"104\"><strong>\u00a0<\/strong><\/p>\n<p><strong>\u00a0<\/strong><\/p>\n<p>\u2265 4<\/td>\n<\/tr>\n<tr>\n<td width=\"175\"><strong>\u00a0<\/strong><\/p>\n<p>Instala\u00e7\u00f5es prediais embutidas em veda\u00e7\u00f5es e manuten\u00edveis apenas por quebra das veda\u00e7\u00f5es ou dos revestimentos (inclusive forros falsos e pisos elevados n\u00e3o- acess\u00edveis)<\/td>\n<td width=\"350\"><strong>\u00a0<\/strong><\/p>\n<p><strong>\u00a0<\/strong><\/p>\n<p><strong>\u00a0<\/strong><\/p>\n<p>Registros e v\u00e1lvulas de instala\u00e7\u00f5es hidrossanit\u00e1rias, instala\u00e7\u00f5es hidrossanit\u00e1rias, de g\u00e1s, instala\u00e7\u00f5es de combate a inc\u00eandio, instala\u00e7\u00f5es de \u00e1guas pluviais, instala\u00e7\u00f5es el\u00e9tricas.<\/td>\n<td width=\"104\"><strong>\u00a0<\/strong><\/p>\n<p><strong>\u00a0<\/strong><\/p>\n<p><strong>\u00a0<\/strong><\/p>\n<p><strong>\u00a0<\/strong><\/p>\n<p><strong>\u00a0<\/strong><\/p>\n<p>\u2265 20<\/td>\n<\/tr>\n<\/tbody>\n<\/table>\n<p>&nbsp;<\/p>\n<table>\n<tbody>\n<tr>\n<td width=\"175\"><strong>\u00a0<\/strong><\/p>\n<p><strong>Parte da edifica\u00e7\u00e3o<\/strong><\/td>\n<td width=\"350\"><strong>\u00a0<\/strong><\/p>\n<p><strong>Elementos e componentes t\u00edpicos<\/strong><\/td>\n<td width=\"104\"><strong><em>VUP <\/em><\/strong><em>(anos) para a presente<\/em><\/p>\n<p><em>obra<\/em><\/td>\n<\/tr>\n<tr>\n<td width=\"175\">Instala\u00e7\u00f5es aparentes ou em espa\u00e7os de f\u00e1cil acesso<\/td>\n<td width=\"350\"><strong>\u00a0<\/strong><\/p>\n<p>Tubula\u00e7\u00f5es e demais componentes<\/td>\n<td width=\"104\"><strong>\u00a0<\/strong><\/p>\n<p>\u2265 4<\/td>\n<\/tr>\n<tr>\n<td width=\"175\"><\/td>\n<td width=\"350\">Aparelhos e componentes de instala\u00e7\u00f5es facilmente substitu\u00edveis como lou\u00e7as, torneiras, sif\u00f5es, engates flex\u00edveis e demais metais sanit\u00e1rios, <em>sprinklers<\/em>, mangueiras, interruptores, tomadas, disjuntores, lumin\u00e1rias, tampas de caixas, fia\u00e7\u00e3o e outros<\/p>\n<p>Reservat\u00f3rios de \u00e1gua<\/td>\n<td width=\"104\">\u2265 3<\/p>\n<p>&nbsp;<\/p>\n<p>\u2265 8<\/td>\n<\/tr>\n<tr>\n<td width=\"175\">Equipamentos funcionais manuten\u00edveis e substitu\u00edveis<\/p>\n<p>M\u00e9dio custo de manuten\u00e7\u00e3o<\/p>\n<p>Alto custo de manuten\u00e7\u00e3o<\/td>\n<td width=\"350\">Equipamentos de recalque,\u00a0\u00a0\u00a0\u00a0 pressuriza\u00e7\u00e3o, aquecimento de \u00e1gua, condicionamento de ar, combate a inc\u00eandio e outros<\/td>\n<td width=\"104\">\u2265 8<\/td>\n<\/tr>\n<tr>\n<td width=\"175\"><\/td>\n<td width=\"350\">Equipamentos de calefa\u00e7\u00e3o, transporte vertical, prote\u00e7\u00e3o contra descargas atmosf\u00e9ricas e outros<\/td>\n<td width=\"104\">\u2265 13<\/td>\n<\/tr>\n<\/tbody>\n<\/table>\n<p>&nbsp;<\/p>\n<p>Obs.: Estas estimativas de vida \u00fatil est\u00e3o diretamente dependentes das manuten\u00e7\u00f5es preventivas e peri\u00f3dicas a serem realizadas pelos propriet\u00e1rios\/condom\u00ednio.<\/p>\n","protected":false},"excerpt":{"rendered":"<p>Conforme a norma ABNT NBR 15575, para se atingir a vida \u00fatil de projeto, os Usu\u00e1rios devem desenvolver os programas de manuten\u00e7\u00e3o, conforme definido pela NBR 14037, item Programa de manuten\u00e7\u00e3o preventiva, atendendo aos crit\u00e9rios estabelecidos na NBR 5674, \u00e0s recomenda\u00e7\u00f5es contidas neste Manual, \u00e0s instru\u00e7\u00f5es dos fabricantes de equipamentos e \u00e0s recomenda\u00e7\u00f5es t\u00e9cnicas das [&hellip;]<\/p>\n","protected":false},"author":1,"featured_media":0,"parent":0,"menu_order":0,"comment_status":"closed","ping_status":"closed","template":"","meta":{"_acf_changed":false,"footnotes":""},"class_list":["post-582","page","type-page","status-publish","hentry"],"acf":[],"yoast_head":"<!-- This site is optimized with the Yoast SEO plugin v27.0 - https:\/\/yoast.com\/product\/yoast-seo-wordpress\/ -->\n<title>Desempenho t\u00e9cnico previsto para o im\u00f3vel | Morro Ipiranga<\/title>\n<meta name=\"robots\" content=\"index, follow, max-snippet:-1, max-image-preview:large, max-video-preview:-1\" \/>\n<link rel=\"canonical\" href=\"https:\/\/primahub.com.br\/manuais\/morro-ipiranga\/desempenho-tecnico-previsto-para-o-imovel\/\" \/>\n<meta property=\"og:locale\" content=\"pt_BR\" \/>\n<meta property=\"og:type\" content=\"article\" \/>\n<meta property=\"og:title\" content=\"Desempenho t\u00e9cnico previsto para o im\u00f3vel | Morro Ipiranga\" \/>\n<meta property=\"og:description\" content=\"Conforme a norma ABNT NBR 15575, para se atingir a vida \u00fatil de projeto, os Usu\u00e1rios devem desenvolver os programas de manuten\u00e7\u00e3o, conforme definido pela NBR 14037, item Programa de manuten\u00e7\u00e3o preventiva, atendendo aos crit\u00e9rios estabelecidos na NBR 5674, \u00e0s recomenda\u00e7\u00f5es contidas neste Manual, \u00e0s instru\u00e7\u00f5es dos fabricantes de equipamentos e \u00e0s recomenda\u00e7\u00f5es t\u00e9cnicas das [&hellip;]\" \/>\n<meta property=\"og:url\" content=\"https:\/\/primahub.com.br\/manuais\/morro-ipiranga\/desempenho-tecnico-previsto-para-o-imovel\/\" \/>\n<meta property=\"og:site_name\" content=\"Morro Ipiranga\" \/>\n<meta property=\"article:modified_time\" content=\"2024-02-02T21:16:18+00:00\" \/>\n<meta property=\"og:image\" content=\"https:\/\/primahub.com.br\/manuais\/morro-ipiranga\/wp-content\/uploads\/2024\/01\/share.jpg\" \/>\n\t<meta property=\"og:image:width\" content=\"1200\" \/>\n\t<meta property=\"og:image:height\" content=\"630\" \/>\n\t<meta property=\"og:image:type\" content=\"image\/jpeg\" \/>\n<meta name=\"twitter:card\" content=\"summary_large_image\" \/>\n<meta name=\"twitter:label1\" content=\"Est. tempo de leitura\" \/>\n\t<meta name=\"twitter:data1\" content=\"4 minutos\" \/>\n<script type=\"application\/ld+json\" class=\"yoast-schema-graph\">{\"@context\":\"https:\/\/schema.org\",\"@graph\":[{\"@type\":\"WebPage\",\"@id\":\"https:\/\/primahub.com.br\/manuais\/morro-ipiranga\/desempenho-tecnico-previsto-para-o-imovel\/\",\"url\":\"https:\/\/primahub.com.br\/manuais\/morro-ipiranga\/desempenho-tecnico-previsto-para-o-imovel\/\",\"name\":\"Desempenho t\u00e9cnico previsto para o im\u00f3vel | Morro Ipiranga\",\"isPartOf\":{\"@id\":\"https:\/\/primahub.com.br\/manuais\/morro-ipiranga\/#website\"},\"datePublished\":\"2024-02-02T00:32:35+00:00\",\"dateModified\":\"2024-02-02T21:16:18+00:00\",\"breadcrumb\":{\"@id\":\"https:\/\/primahub.com.br\/manuais\/morro-ipiranga\/desempenho-tecnico-previsto-para-o-imovel\/#breadcrumb\"},\"inLanguage\":\"pt-BR\",\"potentialAction\":[{\"@type\":\"ReadAction\",\"target\":[\"https:\/\/primahub.com.br\/manuais\/morro-ipiranga\/desempenho-tecnico-previsto-para-o-imovel\/\"]}]},{\"@type\":\"BreadcrumbList\",\"@id\":\"https:\/\/primahub.com.br\/manuais\/morro-ipiranga\/desempenho-tecnico-previsto-para-o-imovel\/#breadcrumb\",\"itemListElement\":[{\"@type\":\"ListItem\",\"position\":1,\"name\":\"In\u00edcio\",\"item\":\"https:\/\/primahub.com.br\/manuais\/morro-ipiranga\/\"},{\"@type\":\"ListItem\",\"position\":2,\"name\":\"Desempenho t\u00e9cnico previsto para o im\u00f3vel\"}]},{\"@type\":\"WebSite\",\"@id\":\"https:\/\/primahub.com.br\/manuais\/morro-ipiranga\/#website\",\"url\":\"https:\/\/primahub.com.br\/manuais\/morro-ipiranga\/\",\"name\":\"Morro Ipiranga\",\"description\":\"Da porta para fora, mais tranquilidade. Da porta para dentro, mais comodidade. 06 op\u00e7\u00f5es de plantas para voc\u00ea escolher a que melhor se encaixa ao seu estilo de vida.\",\"publisher\":{\"@id\":\"https:\/\/primahub.com.br\/manuais\/morro-ipiranga\/#organization\"},\"alternateName\":\"Morro Ipiranga\",\"potentialAction\":[{\"@type\":\"SearchAction\",\"target\":{\"@type\":\"EntryPoint\",\"urlTemplate\":\"https:\/\/primahub.com.br\/manuais\/morro-ipiranga\/?s={search_term_string}\"},\"query-input\":{\"@type\":\"PropertyValueSpecification\",\"valueRequired\":true,\"valueName\":\"search_term_string\"}}],\"inLanguage\":\"pt-BR\"},{\"@type\":\"Organization\",\"@id\":\"https:\/\/primahub.com.br\/manuais\/morro-ipiranga\/#organization\",\"name\":\"Morro Ipiranga\",\"alternateName\":\"Morro Ipiranga\",\"url\":\"https:\/\/primahub.com.br\/manuais\/morro-ipiranga\/\",\"logo\":{\"@type\":\"ImageObject\",\"inLanguage\":\"pt-BR\",\"@id\":\"https:\/\/primahub.com.br\/manuais\/morro-ipiranga\/#\/schema\/logo\/image\/\",\"url\":\"https:\/\/primahub.com.br\/manuais\/morro-ipiranga\/wp-content\/uploads\/2024\/01\/logo.jpg\",\"contentUrl\":\"https:\/\/primahub.com.br\/manuais\/morro-ipiranga\/wp-content\/uploads\/2024\/01\/logo.jpg\",\"width\":280,\"height\":281,\"caption\":\"Morro Ipiranga\"},\"image\":{\"@id\":\"https:\/\/primahub.com.br\/manuais\/morro-ipiranga\/#\/schema\/logo\/image\/\"}}]}<\/script>\n<!-- \/ Yoast SEO plugin. -->","yoast_head_json":{"title":"Desempenho t\u00e9cnico previsto para o im\u00f3vel | Morro Ipiranga","robots":{"index":"index","follow":"follow","max-snippet":"max-snippet:-1","max-image-preview":"max-image-preview:large","max-video-preview":"max-video-preview:-1"},"canonical":"https:\/\/primahub.com.br\/manuais\/morro-ipiranga\/desempenho-tecnico-previsto-para-o-imovel\/","og_locale":"pt_BR","og_type":"article","og_title":"Desempenho t\u00e9cnico previsto para o im\u00f3vel | Morro Ipiranga","og_description":"Conforme a norma ABNT NBR 15575, para se atingir a vida \u00fatil de projeto, os Usu\u00e1rios devem desenvolver os programas de manuten\u00e7\u00e3o, conforme definido pela NBR 14037, item Programa de manuten\u00e7\u00e3o preventiva, atendendo aos crit\u00e9rios estabelecidos na NBR 5674, \u00e0s recomenda\u00e7\u00f5es contidas neste Manual, \u00e0s instru\u00e7\u00f5es dos fabricantes de equipamentos e \u00e0s recomenda\u00e7\u00f5es t\u00e9cnicas das [&hellip;]","og_url":"https:\/\/primahub.com.br\/manuais\/morro-ipiranga\/desempenho-tecnico-previsto-para-o-imovel\/","og_site_name":"Morro Ipiranga","article_modified_time":"2024-02-02T21:16:18+00:00","og_image":[{"width":1200,"height":630,"url":"https:\/\/primahub.com.br\/manuais\/morro-ipiranga\/wp-content\/uploads\/2024\/01\/share.jpg","type":"image\/jpeg"}],"twitter_card":"summary_large_image","twitter_misc":{"Est. tempo de leitura":"4 minutos"},"schema":{"@context":"https:\/\/schema.org","@graph":[{"@type":"WebPage","@id":"https:\/\/primahub.com.br\/manuais\/morro-ipiranga\/desempenho-tecnico-previsto-para-o-imovel\/","url":"https:\/\/primahub.com.br\/manuais\/morro-ipiranga\/desempenho-tecnico-previsto-para-o-imovel\/","name":"Desempenho t\u00e9cnico previsto para o im\u00f3vel | Morro Ipiranga","isPartOf":{"@id":"https:\/\/primahub.com.br\/manuais\/morro-ipiranga\/#website"},"datePublished":"2024-02-02T00:32:35+00:00","dateModified":"2024-02-02T21:16:18+00:00","breadcrumb":{"@id":"https:\/\/primahub.com.br\/manuais\/morro-ipiranga\/desempenho-tecnico-previsto-para-o-imovel\/#breadcrumb"},"inLanguage":"pt-BR","potentialAction":[{"@type":"ReadAction","target":["https:\/\/primahub.com.br\/manuais\/morro-ipiranga\/desempenho-tecnico-previsto-para-o-imovel\/"]}]},{"@type":"BreadcrumbList","@id":"https:\/\/primahub.com.br\/manuais\/morro-ipiranga\/desempenho-tecnico-previsto-para-o-imovel\/#breadcrumb","itemListElement":[{"@type":"ListItem","position":1,"name":"In\u00edcio","item":"https:\/\/primahub.com.br\/manuais\/morro-ipiranga\/"},{"@type":"ListItem","position":2,"name":"Desempenho t\u00e9cnico previsto para o im\u00f3vel"}]},{"@type":"WebSite","@id":"https:\/\/primahub.com.br\/manuais\/morro-ipiranga\/#website","url":"https:\/\/primahub.com.br\/manuais\/morro-ipiranga\/","name":"Morro Ipiranga","description":"Da porta para fora, mais tranquilidade. Da porta para dentro, mais comodidade. 06 op\u00e7\u00f5es de plantas para voc\u00ea escolher a que melhor se encaixa ao seu estilo de vida.","publisher":{"@id":"https:\/\/primahub.com.br\/manuais\/morro-ipiranga\/#organization"},"alternateName":"Morro Ipiranga","potentialAction":[{"@type":"SearchAction","target":{"@type":"EntryPoint","urlTemplate":"https:\/\/primahub.com.br\/manuais\/morro-ipiranga\/?s={search_term_string}"},"query-input":{"@type":"PropertyValueSpecification","valueRequired":true,"valueName":"search_term_string"}}],"inLanguage":"pt-BR"},{"@type":"Organization","@id":"https:\/\/primahub.com.br\/manuais\/morro-ipiranga\/#organization","name":"Morro Ipiranga","alternateName":"Morro Ipiranga","url":"https:\/\/primahub.com.br\/manuais\/morro-ipiranga\/","logo":{"@type":"ImageObject","inLanguage":"pt-BR","@id":"https:\/\/primahub.com.br\/manuais\/morro-ipiranga\/#\/schema\/logo\/image\/","url":"https:\/\/primahub.com.br\/manuais\/morro-ipiranga\/wp-content\/uploads\/2024\/01\/logo.jpg","contentUrl":"https:\/\/primahub.com.br\/manuais\/morro-ipiranga\/wp-content\/uploads\/2024\/01\/logo.jpg","width":280,"height":281,"caption":"Morro Ipiranga"},"image":{"@id":"https:\/\/primahub.com.br\/manuais\/morro-ipiranga\/#\/schema\/logo\/image\/"}}]}},"_links":{"self":[{"href":"https:\/\/primahub.com.br\/manuais\/morro-ipiranga\/wp-json\/wp\/v2\/pages\/582","targetHints":{"allow":["GET"]}}],"collection":[{"href":"https:\/\/primahub.com.br\/manuais\/morro-ipiranga\/wp-json\/wp\/v2\/pages"}],"about":[{"href":"https:\/\/primahub.com.br\/manuais\/morro-ipiranga\/wp-json\/wp\/v2\/types\/page"}],"author":[{"embeddable":true,"href":"https:\/\/primahub.com.br\/manuais\/morro-ipiranga\/wp-json\/wp\/v2\/users\/1"}],"replies":[{"embeddable":true,"href":"https:\/\/primahub.com.br\/manuais\/morro-ipiranga\/wp-json\/wp\/v2\/comments?post=582"}],"version-history":[{"count":10,"href":"https:\/\/primahub.com.br\/manuais\/morro-ipiranga\/wp-json\/wp\/v2\/pages\/582\/revisions"}],"predecessor-version":[{"id":1014,"href":"https:\/\/primahub.com.br\/manuais\/morro-ipiranga\/wp-json\/wp\/v2\/pages\/582\/revisions\/1014"}],"wp:attachment":[{"href":"https:\/\/primahub.com.br\/manuais\/morro-ipiranga\/wp-json\/wp\/v2\/media?parent=582"}],"curies":[{"name":"wp","href":"https:\/\/api.w.org\/{rel}","templated":true}]}}