{"id":634,"date":"2024-02-01T22:15:21","date_gmt":"2024-02-02T01:15:21","guid":{"rendered":"http:\/\/morroipiranga.iwwadigital.com.br\/?page_id=634"},"modified":"2024-02-02T18:16:29","modified_gmt":"2024-02-02T21:16:29","slug":"orientacoes-para-casos-de-emergencia-zerada","status":"publish","type":"page","link":"https:\/\/primahub.com.br\/manuais\/morro-ipiranga\/orientacoes-para-casos-de-emergencia-zerada\/","title":{"rendered":"Orienta\u00e7\u00f5es para casos de emerg\u00eancia"},"content":{"rendered":"<p>S\u00e3o recomenda\u00e7\u00f5es b\u00e1sicas para situa\u00e7\u00f5es que requerem provid\u00eancias r\u00e1pidas e imediatas, visando a seguran\u00e7a pessoal e patrimonial dos Usu\u00e1rios. Ressaltamos a import\u00e2ncia da divulga\u00e7\u00e3o das recomenda\u00e7\u00f5es de seguran\u00e7a do Corpo de Bombeiros, Concession\u00e1rias, fabricantes e prestadores de servi\u00e7os aos Usu\u00e1rios.<\/p>\n<p>Abaixo s\u00e3o apresentadas recomenda\u00e7\u00f5es b\u00e1sicas para situa\u00e7\u00f5es que requerem provid\u00eancias r\u00e1pidas e imediatas.<\/p>\n<h3>9.1. INC\u00caNDIO<\/h3>\n<p>Apesar dos riscos de inc\u00eandio em edifica\u00e7\u00f5es serem relativamente pequenos, eles podem ser provocados por descuidos, curtos-circuitos ou cigarros projetados acesos em latas de lixo ou outros locais impr\u00f3prios. Dessa forma, certifique-se que o Condom\u00ednio possui um Sistema de Preven\u00e7\u00e3o e Combate a Inc\u00eandio, projetado de acordo com as normas vigentes.<\/p>\n<h2>Princ\u00edpio de inc\u00eandio<\/h2>\n<ul>\n<li>No caso de princ\u00edpio de inc\u00eandio ligar para o Corpo de Bombeiros e acionar o alarme de inc\u00eandio.<br \/>\nAutomaticamente os membros da brigada de inc\u00eandio, que devem estar devidamente capacitados por treinamento espec\u00edfico, devem entrar em a\u00e7\u00e3o, dirigir-se para as rotas de fuga;<\/li>\n<li>Desligar o g\u00e1s;<\/li>\n<li>Desligar as chaves ou disjuntores gerais de energia.<\/li>\n<\/ul>\n<p>&nbsp;<\/p>\n<h2>Em situa\u00e7\u00f5es extremas<\/h2>\n<ul>\n<li>Em locais onde haja fuma\u00e7a, manter-se junto ao ch\u00e3o para respirar melhor. Usar, se poss\u00edvel, um len\u00e7o ou pano molhado junto ao nariz;<\/li>\n<li>Sempre que passar por uma porta, fech\u00e1-la sem trancar;<\/li>\n<li>Sempre descer\/buscar a base da edifica\u00e7\u00e3o, nunca subir; n\u00e3o utilize os elevadores;<\/li>\n<li>Se n\u00e3o for poss\u00edvel sair, esperar por socorro, mantendo os olhos fechados e ficando junto ao ch\u00e3o;<\/li>\n<li>Uma vez que tenha conseguido escapar n\u00e3o retorne;<\/li>\n<li>Antes de abrir qualquer porta, toque-a com as costas da m\u00e3o; se estiver quente n\u00e3o abra;<\/li>\n<li>Em ambientes esfuma\u00e7ados, fique junto ao piso, onde o ar \u00e9 sempre melhor;<\/li>\n<li>Mantenha-se vestido, molhe suas vestes;<\/li>\n<li>Fogo nas roupas: n\u00e3o corra. Se poss\u00edvel envolva-se num tapete ou tecido qualquer e role no ch\u00e3o;<\/li>\n<li>N\u00e3o procure combater o inc\u00eandio, a menos que saiba manusear o equipamento de combate.<\/li>\n<\/ul>\n<p>&nbsp;<\/p>\n<h2 style=\"text-align: center;\">TIPOS DE INC\u00caNDIO E EFICI\u00caNCIA DOS EQUIPAMENTOS DE EXTIN\u00c7\u00c3O<\/h2>\n<p>&nbsp;<\/p>\n<table>\n<tbody>\n<tr>\n<td style=\"text-align: center;\" colspan=\"2\" width=\"237\"><strong>TIPO DE MANGUEIRA DE<\/strong><\/td>\n<td style=\"text-align: center;\" colspan=\"3\" width=\"368\"><strong>EXTINTORES<\/strong><\/td>\n<\/tr>\n<tr>\n<td style=\"text-align: center;\" width=\"104\"><strong>INC\u00caNDIO<\/strong><\/td>\n<td style=\"text-align: center;\" width=\"132\"><strong>\u00c1GUA<\/strong><\/td>\n<td style=\"text-align: center;\" width=\"132\"><strong>\u00c1GUA <\/strong><strong>PRESSURIZADA<\/strong><\/td>\n<td style=\"text-align: center;\" width=\"113\"><strong>G\u00c1S <\/strong><strong>CARB\u00d4NICO<\/strong><\/td>\n<td style=\"text-align: center;\" width=\"123\"><strong>P\u00d3 QU\u00cdMICO SECO<\/strong><\/td>\n<\/tr>\n<tr>\n<td style=\"text-align: center;\" width=\"104\">Em madeira, papel, pano, borracha<\/td>\n<td style=\"text-align: center;\" width=\"132\"><strong>\u00d3TIMO<\/strong><\/td>\n<td style=\"text-align: center;\" width=\"132\"><strong>\u00d3TIMO<\/strong><\/td>\n<td style=\"text-align: center;\" width=\"113\">Pouco eficiente<\/td>\n<td style=\"text-align: center;\" width=\"123\">Sem efici\u00eancia<\/td>\n<\/tr>\n<tr>\n<td style=\"text-align: center;\" width=\"104\">Gasolina, \u00f3leo, tintas, graxa, gases<\/td>\n<td style=\"text-align: center;\" width=\"132\">Contra indicado: Espalha o fogo<\/td>\n<td style=\"text-align: center;\" width=\"132\">Contra indicado: Espalha o fogo<\/td>\n<td style=\"text-align: center;\" width=\"113\">Bom<\/td>\n<td style=\"text-align: center;\" width=\"123\"><strong>\u00d3TIMO<\/strong><\/td>\n<\/tr>\n<tr>\n<td style=\"text-align: center;\" width=\"104\">Equipamentos el\u00e9tricos<\/td>\n<td style=\"text-align: center;\" width=\"132\">Contra indicado: conduz eletricidade<\/td>\n<td style=\"text-align: center;\" width=\"132\">Contra indicado: Conduz eletricidade<\/td>\n<td style=\"text-align: center;\" width=\"113\"><strong>\u00d3TIMO<\/strong><\/td>\n<td style=\"text-align: center;\" width=\"123\">Bom: pode causar danos em equipa- mentos delicados<\/td>\n<\/tr>\n<tr>\n<td style=\"text-align: center;\" width=\"104\">Em metais e produtos qu\u00edmicos<\/td>\n<td style=\"text-align: center;\" colspan=\"3\" width=\"378\">Contra indicado: N\u00e3o apaga e aumenta o fogo<\/td>\n<td style=\"text-align: center;\" width=\"123\">Bom<\/td>\n<\/tr>\n<\/tbody>\n<\/table>\n<p>&nbsp;<\/p>\n<h3>9.2. VAZAMENTOS EM TUBULA\u00c7\u00d5ES DE G\u00c1S<\/h3>\n<p>Caso se verifique vazamento de g\u00e1s de algum aparelho, como fog\u00e3o, feche imediatamente os respectivos registros. Mantenha os ambientes ventilados, abrindo as janelas e portas. N\u00e3o utilizar nenhum equipamento el\u00e9trico e nem acionar qualquer interruptor. Caso perdure o vazamento, solicitar o fechamento da rede de abastecimento. Acionar imediatamente a Concession\u00e1ria competente ou fornecedor dos equipamentos ou Corpo de Bombeiros.<\/p>\n<h3>9.3. VAZAMENTO DO SISTEMA HIDR\u00c1ULICO<\/h3>\n<p>No caso de algum vazamento em tubula\u00e7\u00e3o de \u00e1gua fria, a primeira provid\u00eancia a ser tomada \u00e9 o fechamento dos registros correspondentes. Em seguida, avisar \u00e0 equipe de manuten\u00e7\u00e3o local e acionar, se necess\u00e1rio, uma empresa especializada.<\/p>\n<h3>9.4. ENTUPIMENTO EM TUBULA\u00c7\u00d5ES DE ESGOTO OU DE \u00c1GUAS PLUVIAIS<\/h3>\n<p>No caso de entupimento na rede de coleta de esgoto ou de \u00e1guas pluviais, avisar a equipe de manuten\u00e7\u00e3o local e acionar imediatamente, caso necess\u00e1rio, uma empresa especializada em desentupimento.<\/p>\n<h3>9.5. CURTO-CIRCUITO EM INSTALA\u00c7\u00d5ES EL\u00c9TRICAS<\/h3>\n<p>No caso de algum curto circuito, os disjuntores (do quadro de comando) desligam- se automaticamente, desligando tamb\u00e9m as partes afetadas pela anormalidade. Para corrigir, \u00e9 s\u00f3 voltar o disjuntor correspondente \u00e0 sua posi\u00e7\u00e3o original, tendo antes procurado verificar a causa do desligamento do disjuntor, chamando imediatamente a empresa respons\u00e1vel pela manuten\u00e7\u00e3o das instala\u00e7\u00f5es.<\/p>\n<h3>9.6. PARADA S\u00daBITA DE ELEVADORES<\/h3>\n<p>Se eventualmente algu\u00e9m ficar preso no elevador, acionar o bot\u00e3o de alarme ou interfone. O funcion\u00e1rio prestar\u00e1 socorro e chamar\u00e1 a empresa respons\u00e1vel pela conserva\u00e7\u00e3o do elevador ou o Corpo de Bombeiros.<\/p>\n<p>No caso de falta de energia, os elevadores descer\u00e3o gradativamente at\u00e9 o pavimento t\u00e9rreo. Aguardar a abertura das portas e sair observando se h\u00e1 degrau entre a cabina e o pavimento. N\u00e3o permitir que ningu\u00e9m da edifica\u00e7\u00e3o abra a porta do elevador em caso de pane. Aguardar a chegada da equipe de manuten\u00e7\u00e3o. Este procedimento evita acidentes graves.<\/p>\n<h3>9.7. SISTEMA DE SEGURAN\u00c7A<\/h3>\n<p>No caso de intrus\u00e3o ou tentativa de roubo ou assalto, seguir as recomenda\u00e7\u00f5es da empresa de seguran\u00e7a<br \/>\nespecializada, quando houver, ou acionar a pol\u00edcia. Observar atentamente nas imedia\u00e7\u00f5es se h\u00e1 pessoas estranhas, carros suspeitos estacionados, etc.<\/p>\n","protected":false},"excerpt":{"rendered":"<p>S\u00e3o recomenda\u00e7\u00f5es b\u00e1sicas para situa\u00e7\u00f5es que requerem provid\u00eancias r\u00e1pidas e imediatas, visando a seguran\u00e7a pessoal e patrimonial dos Usu\u00e1rios. Ressaltamos a import\u00e2ncia da divulga\u00e7\u00e3o das recomenda\u00e7\u00f5es de seguran\u00e7a do Corpo de Bombeiros, Concession\u00e1rias, fabricantes e prestadores de servi\u00e7os aos Usu\u00e1rios. Abaixo s\u00e3o apresentadas recomenda\u00e7\u00f5es b\u00e1sicas para situa\u00e7\u00f5es que requerem provid\u00eancias r\u00e1pidas e imediatas. 9.1. INC\u00caNDIO [&hellip;]<\/p>\n","protected":false},"author":1,"featured_media":0,"parent":0,"menu_order":0,"comment_status":"closed","ping_status":"closed","template":"","meta":{"_acf_changed":false,"footnotes":""},"class_list":["post-634","page","type-page","status-publish","hentry"],"acf":[],"yoast_head":"<!-- This site is optimized with the Yoast SEO plugin v27.0 - https:\/\/yoast.com\/product\/yoast-seo-wordpress\/ -->\n<title>Orienta\u00e7\u00f5es para casos de emerg\u00eancia | Morro Ipiranga<\/title>\n<meta name=\"robots\" content=\"index, follow, max-snippet:-1, max-image-preview:large, max-video-preview:-1\" \/>\n<link rel=\"canonical\" href=\"https:\/\/primahub.com.br\/manuais\/morro-ipiranga\/orientacoes-para-casos-de-emergencia-zerada\/\" \/>\n<meta property=\"og:locale\" content=\"pt_BR\" \/>\n<meta property=\"og:type\" content=\"article\" \/>\n<meta property=\"og:title\" content=\"Orienta\u00e7\u00f5es para casos de emerg\u00eancia | Morro Ipiranga\" \/>\n<meta property=\"og:description\" content=\"S\u00e3o recomenda\u00e7\u00f5es b\u00e1sicas para situa\u00e7\u00f5es que requerem provid\u00eancias r\u00e1pidas e imediatas, visando a seguran\u00e7a pessoal e patrimonial dos Usu\u00e1rios. Ressaltamos a import\u00e2ncia da divulga\u00e7\u00e3o das recomenda\u00e7\u00f5es de seguran\u00e7a do Corpo de Bombeiros, Concession\u00e1rias, fabricantes e prestadores de servi\u00e7os aos Usu\u00e1rios. Abaixo s\u00e3o apresentadas recomenda\u00e7\u00f5es b\u00e1sicas para situa\u00e7\u00f5es que requerem provid\u00eancias r\u00e1pidas e imediatas. 9.1. INC\u00caNDIO [&hellip;]\" \/>\n<meta property=\"og:url\" content=\"https:\/\/primahub.com.br\/manuais\/morro-ipiranga\/orientacoes-para-casos-de-emergencia-zerada\/\" \/>\n<meta property=\"og:site_name\" content=\"Morro Ipiranga\" \/>\n<meta property=\"article:modified_time\" content=\"2024-02-02T21:16:29+00:00\" \/>\n<meta property=\"og:image\" content=\"https:\/\/primahub.com.br\/manuais\/morro-ipiranga\/wp-content\/uploads\/2024\/01\/share.jpg\" \/>\n\t<meta property=\"og:image:width\" content=\"1200\" \/>\n\t<meta property=\"og:image:height\" content=\"630\" \/>\n\t<meta property=\"og:image:type\" content=\"image\/jpeg\" \/>\n<meta name=\"twitter:card\" content=\"summary_large_image\" \/>\n<meta name=\"twitter:label1\" content=\"Est. tempo de leitura\" \/>\n\t<meta name=\"twitter:data1\" content=\"4 minutos\" \/>\n<script type=\"application\/ld+json\" class=\"yoast-schema-graph\">{\"@context\":\"https:\/\/schema.org\",\"@graph\":[{\"@type\":\"WebPage\",\"@id\":\"https:\/\/primahub.com.br\/manuais\/morro-ipiranga\/orientacoes-para-casos-de-emergencia-zerada\/\",\"url\":\"https:\/\/primahub.com.br\/manuais\/morro-ipiranga\/orientacoes-para-casos-de-emergencia-zerada\/\",\"name\":\"Orienta\u00e7\u00f5es para casos de emerg\u00eancia | Morro Ipiranga\",\"isPartOf\":{\"@id\":\"https:\/\/primahub.com.br\/manuais\/morro-ipiranga\/#website\"},\"datePublished\":\"2024-02-02T01:15:21+00:00\",\"dateModified\":\"2024-02-02T21:16:29+00:00\",\"breadcrumb\":{\"@id\":\"https:\/\/primahub.com.br\/manuais\/morro-ipiranga\/orientacoes-para-casos-de-emergencia-zerada\/#breadcrumb\"},\"inLanguage\":\"pt-BR\",\"potentialAction\":[{\"@type\":\"ReadAction\",\"target\":[\"https:\/\/primahub.com.br\/manuais\/morro-ipiranga\/orientacoes-para-casos-de-emergencia-zerada\/\"]}]},{\"@type\":\"BreadcrumbList\",\"@id\":\"https:\/\/primahub.com.br\/manuais\/morro-ipiranga\/orientacoes-para-casos-de-emergencia-zerada\/#breadcrumb\",\"itemListElement\":[{\"@type\":\"ListItem\",\"position\":1,\"name\":\"In\u00edcio\",\"item\":\"https:\/\/primahub.com.br\/manuais\/morro-ipiranga\/\"},{\"@type\":\"ListItem\",\"position\":2,\"name\":\"Orienta\u00e7\u00f5es para casos de emerg\u00eancia\"}]},{\"@type\":\"WebSite\",\"@id\":\"https:\/\/primahub.com.br\/manuais\/morro-ipiranga\/#website\",\"url\":\"https:\/\/primahub.com.br\/manuais\/morro-ipiranga\/\",\"name\":\"Morro Ipiranga\",\"description\":\"Da porta para fora, mais tranquilidade. Da porta para dentro, mais comodidade. 06 op\u00e7\u00f5es de plantas para voc\u00ea escolher a que melhor se encaixa ao seu estilo de vida.\",\"publisher\":{\"@id\":\"https:\/\/primahub.com.br\/manuais\/morro-ipiranga\/#organization\"},\"alternateName\":\"Morro Ipiranga\",\"potentialAction\":[{\"@type\":\"SearchAction\",\"target\":{\"@type\":\"EntryPoint\",\"urlTemplate\":\"https:\/\/primahub.com.br\/manuais\/morro-ipiranga\/?s={search_term_string}\"},\"query-input\":{\"@type\":\"PropertyValueSpecification\",\"valueRequired\":true,\"valueName\":\"search_term_string\"}}],\"inLanguage\":\"pt-BR\"},{\"@type\":\"Organization\",\"@id\":\"https:\/\/primahub.com.br\/manuais\/morro-ipiranga\/#organization\",\"name\":\"Morro Ipiranga\",\"alternateName\":\"Morro Ipiranga\",\"url\":\"https:\/\/primahub.com.br\/manuais\/morro-ipiranga\/\",\"logo\":{\"@type\":\"ImageObject\",\"inLanguage\":\"pt-BR\",\"@id\":\"https:\/\/primahub.com.br\/manuais\/morro-ipiranga\/#\/schema\/logo\/image\/\",\"url\":\"https:\/\/primahub.com.br\/manuais\/morro-ipiranga\/wp-content\/uploads\/2024\/01\/logo.jpg\",\"contentUrl\":\"https:\/\/primahub.com.br\/manuais\/morro-ipiranga\/wp-content\/uploads\/2024\/01\/logo.jpg\",\"width\":280,\"height\":281,\"caption\":\"Morro Ipiranga\"},\"image\":{\"@id\":\"https:\/\/primahub.com.br\/manuais\/morro-ipiranga\/#\/schema\/logo\/image\/\"}}]}<\/script>\n<!-- \/ Yoast SEO plugin. -->","yoast_head_json":{"title":"Orienta\u00e7\u00f5es para casos de emerg\u00eancia | Morro Ipiranga","robots":{"index":"index","follow":"follow","max-snippet":"max-snippet:-1","max-image-preview":"max-image-preview:large","max-video-preview":"max-video-preview:-1"},"canonical":"https:\/\/primahub.com.br\/manuais\/morro-ipiranga\/orientacoes-para-casos-de-emergencia-zerada\/","og_locale":"pt_BR","og_type":"article","og_title":"Orienta\u00e7\u00f5es para casos de emerg\u00eancia | Morro Ipiranga","og_description":"S\u00e3o recomenda\u00e7\u00f5es b\u00e1sicas para situa\u00e7\u00f5es que requerem provid\u00eancias r\u00e1pidas e imediatas, visando a seguran\u00e7a pessoal e patrimonial dos Usu\u00e1rios. Ressaltamos a import\u00e2ncia da divulga\u00e7\u00e3o das recomenda\u00e7\u00f5es de seguran\u00e7a do Corpo de Bombeiros, Concession\u00e1rias, fabricantes e prestadores de servi\u00e7os aos Usu\u00e1rios. Abaixo s\u00e3o apresentadas recomenda\u00e7\u00f5es b\u00e1sicas para situa\u00e7\u00f5es que requerem provid\u00eancias r\u00e1pidas e imediatas. 9.1. INC\u00caNDIO [&hellip;]","og_url":"https:\/\/primahub.com.br\/manuais\/morro-ipiranga\/orientacoes-para-casos-de-emergencia-zerada\/","og_site_name":"Morro Ipiranga","article_modified_time":"2024-02-02T21:16:29+00:00","og_image":[{"width":1200,"height":630,"url":"https:\/\/primahub.com.br\/manuais\/morro-ipiranga\/wp-content\/uploads\/2024\/01\/share.jpg","type":"image\/jpeg"}],"twitter_card":"summary_large_image","twitter_misc":{"Est. tempo de leitura":"4 minutos"},"schema":{"@context":"https:\/\/schema.org","@graph":[{"@type":"WebPage","@id":"https:\/\/primahub.com.br\/manuais\/morro-ipiranga\/orientacoes-para-casos-de-emergencia-zerada\/","url":"https:\/\/primahub.com.br\/manuais\/morro-ipiranga\/orientacoes-para-casos-de-emergencia-zerada\/","name":"Orienta\u00e7\u00f5es para casos de emerg\u00eancia | Morro Ipiranga","isPartOf":{"@id":"https:\/\/primahub.com.br\/manuais\/morro-ipiranga\/#website"},"datePublished":"2024-02-02T01:15:21+00:00","dateModified":"2024-02-02T21:16:29+00:00","breadcrumb":{"@id":"https:\/\/primahub.com.br\/manuais\/morro-ipiranga\/orientacoes-para-casos-de-emergencia-zerada\/#breadcrumb"},"inLanguage":"pt-BR","potentialAction":[{"@type":"ReadAction","target":["https:\/\/primahub.com.br\/manuais\/morro-ipiranga\/orientacoes-para-casos-de-emergencia-zerada\/"]}]},{"@type":"BreadcrumbList","@id":"https:\/\/primahub.com.br\/manuais\/morro-ipiranga\/orientacoes-para-casos-de-emergencia-zerada\/#breadcrumb","itemListElement":[{"@type":"ListItem","position":1,"name":"In\u00edcio","item":"https:\/\/primahub.com.br\/manuais\/morro-ipiranga\/"},{"@type":"ListItem","position":2,"name":"Orienta\u00e7\u00f5es para casos de emerg\u00eancia"}]},{"@type":"WebSite","@id":"https:\/\/primahub.com.br\/manuais\/morro-ipiranga\/#website","url":"https:\/\/primahub.com.br\/manuais\/morro-ipiranga\/","name":"Morro Ipiranga","description":"Da porta para fora, mais tranquilidade. Da porta para dentro, mais comodidade. 06 op\u00e7\u00f5es de plantas para voc\u00ea escolher a que melhor se encaixa ao seu estilo de vida.","publisher":{"@id":"https:\/\/primahub.com.br\/manuais\/morro-ipiranga\/#organization"},"alternateName":"Morro Ipiranga","potentialAction":[{"@type":"SearchAction","target":{"@type":"EntryPoint","urlTemplate":"https:\/\/primahub.com.br\/manuais\/morro-ipiranga\/?s={search_term_string}"},"query-input":{"@type":"PropertyValueSpecification","valueRequired":true,"valueName":"search_term_string"}}],"inLanguage":"pt-BR"},{"@type":"Organization","@id":"https:\/\/primahub.com.br\/manuais\/morro-ipiranga\/#organization","name":"Morro Ipiranga","alternateName":"Morro Ipiranga","url":"https:\/\/primahub.com.br\/manuais\/morro-ipiranga\/","logo":{"@type":"ImageObject","inLanguage":"pt-BR","@id":"https:\/\/primahub.com.br\/manuais\/morro-ipiranga\/#\/schema\/logo\/image\/","url":"https:\/\/primahub.com.br\/manuais\/morro-ipiranga\/wp-content\/uploads\/2024\/01\/logo.jpg","contentUrl":"https:\/\/primahub.com.br\/manuais\/morro-ipiranga\/wp-content\/uploads\/2024\/01\/logo.jpg","width":280,"height":281,"caption":"Morro Ipiranga"},"image":{"@id":"https:\/\/primahub.com.br\/manuais\/morro-ipiranga\/#\/schema\/logo\/image\/"}}]}},"_links":{"self":[{"href":"https:\/\/primahub.com.br\/manuais\/morro-ipiranga\/wp-json\/wp\/v2\/pages\/634","targetHints":{"allow":["GET"]}}],"collection":[{"href":"https:\/\/primahub.com.br\/manuais\/morro-ipiranga\/wp-json\/wp\/v2\/pages"}],"about":[{"href":"https:\/\/primahub.com.br\/manuais\/morro-ipiranga\/wp-json\/wp\/v2\/types\/page"}],"author":[{"embeddable":true,"href":"https:\/\/primahub.com.br\/manuais\/morro-ipiranga\/wp-json\/wp\/v2\/users\/1"}],"replies":[{"embeddable":true,"href":"https:\/\/primahub.com.br\/manuais\/morro-ipiranga\/wp-json\/wp\/v2\/comments?post=634"}],"version-history":[{"count":10,"href":"https:\/\/primahub.com.br\/manuais\/morro-ipiranga\/wp-json\/wp\/v2\/pages\/634\/revisions"}],"predecessor-version":[{"id":1017,"href":"https:\/\/primahub.com.br\/manuais\/morro-ipiranga\/wp-json\/wp\/v2\/pages\/634\/revisions\/1017"}],"wp:attachment":[{"href":"https:\/\/primahub.com.br\/manuais\/morro-ipiranga\/wp-json\/wp\/v2\/media?parent=634"}],"curies":[{"name":"wp","href":"https:\/\/api.w.org\/{rel}","templated":true}]}}